{"id":2338,"date":"2023-09-11T10:22:22","date_gmt":"2023-09-11T08:22:22","guid":{"rendered":"https:\/\/camping-coeur-alsace.fr\/onze-verhuur\/"},"modified":"2024-02-09T16:21:04","modified_gmt":"2024-02-09T15:21:04","slug":"onze-verhuur","status":"publish","type":"page","link":"https:\/\/camping-coeur-alsace.fr\/nl\/onze-verhuur\/","title":{"rendered":"Onze verhuur"},"content":{"rendered":"\n<div class=\"wp-block-cover has-background-dim mask_inner_page\"><img class=\"wp-block-cover__image-background wp-image-510\" alt=\"\" src=\"https:\/\/camping-coeur-alsace.fr\/wp-content\/uploads\/2021\/10\/locations-emplacements-camping-alsace.jpg\" data-object-fit=\"cover\"\/><div class=\"wp-block-cover__inner-container\">\n<h1 class=\"has-text-align-center\">Verhuur in Elzas<\/h1>\n<\/div><\/div>\n\n<div class=\"wp-block-group T-60-a has-fond-background-color has-background\"><div class=\"wp-block-group__inner-container\">\n<div class=\"wp-block-columns\">\n<div class=\"wp-block-column col_left\">\n<figure class=\"wp-block-image size-large\"><img loading=\"lazy\" width=\"1024\" height=\"768\" src=\"https:\/\/camping-coeur-alsace.fr\/wp-content\/uploads\/2022\/12\/IMG_1843-1024x768.jpeg\" alt=\"\" class=\"wp-image-1988\"\/><\/figure>\n\n\n\n<figure class=\"wp-block-image size-large\"><img loading=\"lazy\" width=\"1024\" height=\"768\" src=\"https:\/\/camping-coeur-alsace.fr\/wp-content\/uploads\/2022\/12\/IMG_2801-1024x768.jpeg\" alt=\"\" class=\"wp-image-1985\" srcset=\"https:\/\/camping-coeur-alsace.fr\/wp-content\/uploads\/2022\/12\/IMG_2801-1024x768.jpeg 1024w, https:\/\/camping-coeur-alsace.fr\/wp-content\/uploads\/2022\/12\/IMG_2801-300x225.jpeg 300w, https:\/\/camping-coeur-alsace.fr\/wp-content\/uploads\/2022\/12\/IMG_2801-768x576.jpeg 768w, https:\/\/camping-coeur-alsace.fr\/wp-content\/uploads\/2022\/12\/IMG_2801-1536x1152.jpeg 1536w, https:\/\/camping-coeur-alsace.fr\/wp-content\/uploads\/2022\/12\/IMG_2801-2048x1536.jpeg 2048w\" sizes=\"(max-width: 1024px) 100vw, 1024px\" \/><\/figure>\n\n\n\n<p class=\"go_to_gal has-tertiaire-color has-text-color\"><strong><a href=\"https:\/\/camping-coeur-alsace.fr\/nl\/fotogalerij\/\" data-type=\"page\" data-id=\"484\"><i class=\"fc-camera-retro\"><\/i> Bekijk de fotogalerij<\/a><\/strong><\/p>\n<\/div>\n\n\n\n<div class=\"wp-block-column\" style=\"flex-basis:70%\">\n<div class=\"wp-block-group grid\"><div class=\"wp-block-group__inner-container\"><\/div><\/div>\n\n\n\n<h2 class=\"has-tertiaire-color has-text-color\">Onze bivakhuizen in de Elzas<\/h2>\n\n\n\n<p class=\"has-typo-color has-text-color\">Wil je een nacht, een dag of zelfs een week nieuwe energie opdoen in een rustige, groene omgeving? Maak een tussenstop op Camping Coeur d&#8217;Alsace en huur onze <strong>bivakken in de Bas Rhin<\/strong> voor nog meer avontuur.<\/p>\n\n\n\n<p class=\"has-typo-color has-text-color\">Slapen in een bivak is de keuze voor <strong>eenvoud<\/strong> en<strong>ontsnapping<\/strong>. Geen ingerichte keuken, geen eetkamer, het huren van een bivak in de Elzas is een \u00e9\u00e9n-op-\u00e9\u00e9n ontmoeting tussen jou en de natuur. Onze camping biedt bivakplaatsen voor \u00e9\u00e9n of twee personen. Ontworpen op twee niveaus, zodat je comfortabel kunt uitrusten en ruimte hebt om je uitrusting op te bergen. Al onze bivaks zijn uitgerust met stopcontacten, zodat je je batterijen kunt opladen of zelfs een lekkere maaltijd kunt bereiden. Als je je licht voelt, kun je voorraden halen bij de<strong>kruidenierswinkel<\/strong> op de camping. Met het welzijn van alle bezoekers in het achterhoofd biedt camping Coeur d&#8217;Alsace ook de volgende <a href=\"https:\/\/camping-coeur-alsace.fr\/nl\/diensten\/\" data-type=\"URL\" data-id=\"https:\/\/camping-coeur-alsace.fr\/services\/\">diensten aan <\/a>, toegang tot een <strong>wasserette<\/strong> en <strong>sanitaire<\/strong> voorzieningen. Je hebt dus alles wat je nodig hebt voor een comfortabel verblijf in je bivak in de Bas Rhin. <\/p>\n\n\n\n<p class=\"has-typo-color has-text-color\">En als je een nacht of een ongewone vakantie in Bas-Rhin wilt doorbrengen, biedt camping Coeur d&#8217;Alsace <strong>lodgetenten<\/strong>. Je kunt ook kiezen voor een <a href=\"https:\/\/camping-coeur-alsace.fr\/nl\/onze-locaties\/\" data-type=\"URL\" data-id=\"https:\/\/camping-coeur-alsace.fr\/nos-emplacements\/\">kampeerplaats<\/a> in de Elzas, dankzij onze <strong>speciale zones voor campers en caravans<\/strong>.<\/p>\n\n\n\n<h2 class=\"has-tertiaire-color has-text-color\">Huur een bivak in Bas-Rhin voor je fietsetappes<\/h2>\n\n\n\n<div class=\"wp-block-group\"><div class=\"wp-block-group__inner-container\">\n<p class=\"has-typo-color has-text-color\"><a href=\"https:\/\/camping-coeur-alsace.fr\/camping-proche-eurovelo-5\/\">Bezoek je de prachtige Elzas met de fiets<\/a> en ben je op zoek naar een plek om te overnachten zonder je tent te hoeven vervoeren? De bivakken op <a href=\"https:\/\/camping-coeur-alsace.fr\/nl\/\">camping C\u0153ur d&#8217;Alsace<\/a> zijn voor jou gemaakt! Je hoeft je geen zorgen te maken over lakens, onze bivakken zijn al uitgerust voor de nacht. Deze <strong>accommodaties<\/strong>, ideaal voor twee personen, liggen op het centrale eilandje van onze vijver en bieden je een volledig open omgeving met uitzicht op het omringende landschap. Of je nu op een solo-roadtrip bent of een romantisch uitje, ontdek de ervaring van een nacht <strong>dicht bij de natuur<\/strong>.  <\/p>\n\n\n\n<p class=\"has-typo-color has-text-color\">Het <a rel=\"noreferrer noopener\" href=\"https:\/\/www.parc-vosges-nord.fr\/\" target=\"_blank\">natuurpark Vosges du Nord<\/a>, een paradijselijke bestemming voor een verkwikkende vakantie, biedt liefhebbers van weidse ruimtes de zachtheid van golvende landschappen bezaaid met open plekken en vijvers. Boek je bivak in de Elzas, op onze <strong>camping in Harskirchen<\/strong>, voor een tussenstop op je fietsroute of voor een week vakantie! Onze school is ideaal <strong>gelegen in het Bas-Rhin<\/strong>: een gebied vol dingen om te ontdekken!<\/p>\n\n\n\n<p class=\"has-typo-color has-text-color\">Deze eenvoudige, gezellige <strong>vakantiehuizen<\/strong> zijn perfect voor fietsers en wandelaars die <strong>door de Elzas trekken<\/strong>. Ze verwelkomen je voor een tussenstop van \u00e9\u00e9n of meerdere nachten aan de rand van een vijver!<\/p>\n\n\n\n<div class=\"wp-block-group cta\"><div class=\"wp-block-group__inner-container\">\n<p class=\"has-typo-color has-text-color\"><a href=\"https:\/\/camping-coeur-alsace.fr\/nl\/toerisme\/\" data-type=\"page\" data-id=\"340\">Ontdek de omgeving  <i class=\"fc-arrow-right\"><\/i><\/a><\/p>\n\n\n\n<div class=\"wp-block-buttons\">\n<div class=\"wp-block-button btn_resa\"><a class=\"wp-block-button__link has-primaire-background-color has-background\" style=\"border-radius:50px\"><i class=\"fc-campground\"><\/i>  Boek een bivak<\/a><\/div>\n<\/div>\n<\/div><\/div>\n<\/div><\/div>\n<\/div>\n<\/div>\n<\/div><\/div>\n\n<div class=\"wp-block-cover has-background-dim-90 has-fond-background-color has-background-dim T-20-c\"><img loading=\"lazy\" width=\"1920\" height=\"1280\" class=\"wp-block-cover__image-background wp-image-379\" alt=\"\" src=\"https:\/\/camping-coeur-alsace.fr\/wp-content\/uploads\/2021\/10\/IMG_0502.jpg\" data-object-fit=\"cover\" srcset=\"https:\/\/camping-coeur-alsace.fr\/wp-content\/uploads\/2021\/10\/IMG_0502.jpg 1920w, https:\/\/camping-coeur-alsace.fr\/wp-content\/uploads\/2021\/10\/IMG_0502-300x200.jpg 300w, https:\/\/camping-coeur-alsace.fr\/wp-content\/uploads\/2021\/10\/IMG_0502-1024x683.jpg 1024w, https:\/\/camping-coeur-alsace.fr\/wp-content\/uploads\/2021\/10\/IMG_0502-768x512.jpg 768w, https:\/\/camping-coeur-alsace.fr\/wp-content\/uploads\/2021\/10\/IMG_0502-1536x1024.jpg 1536w\" sizes=\"(max-width: 1920px) 100vw, 1920px\" \/><div class=\"wp-block-cover__inner-container\">\n<div class=\"wp-block-columns\">\n<div class=\"wp-block-column is-vertically-aligned-center\" style=\"flex-basis:50%\">\n<h2 class=\"has-tertiaire-color has-text-color\" id=\"tente\">Overnachtingstenten  <br\/>voor <span class=\"small\">een groene vakantie<\/span><\/h2>\n\n\n\n<p class=\"has-typo-color has-text-color\">Wil je in contact komen met de natuur en genieten van een <strong>ongewone vakantie in de Elzas<\/strong>? Op onze camping in de Elzas kun je genieten van de charme van <strong>lodgetenten<\/strong>: echte <strong>vakantiehuisjes<\/strong> die uitkijken op de natuur, ontworpen voor koppels en gezinnen met kinderen. Gelegen aan de oever van een vijver, op <strong>ruime, groene individuele percelen<\/strong>, beloven onze tent lodges je een vakantie vol plezier in de Elzas. Tented lodges zijn de perfecte manier om te ontspannen na een dag de regio verkennen.  <\/p>\n\n\n\n<p class=\"has-typo-color has-text-color\">Je zult het ook leuk vinden om &#8216;s avonds samen te komen en te genieten van de vruchten van je <a href=\"https:\/\/camping-coeur-alsace.fr\/nl\/vissen\/\">visserij<\/a>. <strong>Een vakantie in een lodge in de Elzas<\/strong> staat synoniem voor ontspanning, het buitenleven, barbecues en gezelligheid en heeft alles in huis om je te herbronnen na wekenlang werken. De regio, met zijn warme zomers en vele bezienswaardigheden, leent zich bijzonder goed voor een <strong>kampeervakantie in een canvas accommodatie<\/strong>.  <\/p>\n\n\n\n<p class=\"has-typo-color has-text-color\">Hier geniet je van de natuur en het buitenleven, terwijl je de gezellige sfeer van een echte camping ontdekt of herontdekt.<\/p>\n\n\n\n<p><\/p>\n\n\n\n<div class=\"wp-block-group\"><div class=\"wp-block-group__inner-container\"><\/div><\/div>\n\n\n\n<div class=\"wp-block-group cta\"><div class=\"wp-block-group__inner-container\">\n<div class=\"wp-block-buttons is-content-justification-right\">\n<div class=\"wp-block-button btn_resa\"><a class=\"wp-block-button__link has-primaire-background-color has-background\" style=\"border-radius:50px\"><i class=\"fc-campground\"><\/i>  Boek een tent<\/a><\/div>\n<\/div>\n\n\n\n<p><\/p>\n<\/div><\/div>\n<\/div>\n\n\n\n<div class=\"wp-block-column is-vertically-aligned-center\" style=\"flex-basis:50%\">\n<figure class=\"wp-block-image size-large\"><img loading=\"lazy\" width=\"1024\" height=\"768\" src=\"https:\/\/camping-coeur-alsace.fr\/wp-content\/uploads\/2022\/12\/IMG_2900-1024x768.jpeg\" alt=\"\" class=\"wp-image-1991\"\/><\/figure>\n<\/div>\n<\/div>\n<\/div><\/div>\n\n<div class=\"wp-block-group T-60-a has-fond-background-color has-background\"><div class=\"wp-block-group__inner-container\">\n<div class=\"wp-block-columns\">\n<div class=\"wp-block-column col_left\">\n<figure class=\"wp-block-image size-full\"><img src=\"https:\/\/camping-coeur-alsace.fr\/wp-content\/uploads\/2023\/12\/webp-IMG_5237.webp\" alt=\"Camping C&#x153;ur D'alsace : Webp Afbeelding 5237\" class=\"wp-image-2474\"\/><\/figure>\n\n\n\n<figure class=\"wp-block-image size-full\"><img src=\"https:\/\/camping-coeur-alsace.fr\/wp-content\/uploads\/2023\/12\/webp-Capture-decran-2023-12-09-a-15.25.29.webp\" alt=\"Camping C&#x153;ur D'alsace : Webp Capture D&#x2019;&#xE9;cran 2023 12 09 &#xE0; 15.25.29\" class=\"wp-image-2484\"\/><\/figure>\n\n\n\n<p class=\"go_to_gal has-tertiaire-color has-text-color\"><strong><a href=\"https:\/\/camping-coeur-alsace.fr\/nl\/fotogalerij\/\" data-type=\"page\" data-id=\"484\"><i class=\"fc-camera-retro\"><\/i> Bekijk de fotogalerij<\/a><\/strong><\/p>\n<\/div>\n\n\n\n<div class=\"wp-block-column\" style=\"flex-basis:70%\">\n<div class=\"wp-block-group grid\"><div class=\"wp-block-group__inner-container\"><\/div><\/div>\n\n\n\n<h2 class=\"has-tertiaire-color has-text-color\">Onze Cabahutte verhuur in Bas-Rhin<\/h2>\n\n\n\n<p class=\"has-typo-color has-text-color\"><strong>Nieuw voor 2024!<\/strong> Ontdek onze Cabahuttes voor een ongewoon verblijf in de Elzas; Onze houten hutten bieden comfort en eenvoud, met een slaapgedeelte en een woongedeelte met koelkast, gootsteen en magnetron; Je hebt ook toegang tot toiletten en wasfaciliteiten; Kom voor een tussenstop of een langere vakantie genieten van een rustig, natuurlijk verblijf op Camping Coeur d&#8217;Alsace;<\/p>\n\n\n\n<p><\/p>\n\n\n\n<p><\/p>\n\n\n\n<div class=\"wp-block-group cta\"><div class=\"wp-block-group__inner-container\">\n<div class=\"wp-block-buttons\">\n<div class=\"wp-block-button btn_resa\"><a class=\"wp-block-button__link has-primaire-background-color has-background\" style=\"border-radius:50px\"><i class=\"fc-campground\"><\/i> Boek een hut<\/a><\/div>\n<\/div>\n<\/div><\/div>\n<\/div>\n<\/div>\n<\/div><\/div>\n<p><!-- \/wp:group --><\/p>\n","protected":false},"excerpt":{"rendered":"<p>Bekijk de fotogalerij Onze bivakhuizen in de Elzas Wil je een nacht, een dag of zelfs een week nieuwe energie opdoen in een rustige, groene omgeving? Maak een tussenstop op Camping Coeur d&#8217;Alsace en huur onze bivakken in de Bas Rhin voor nog meer avontuur. Slapen in een bivak is de keuze voor eenvoud enontsnapping. [&hellip;]<\/p>\n","protected":false},"author":1,"featured_media":0,"parent":0,"menu_order":0,"comment_status":"closed","ping_status":"closed","template":"","meta":[],"_links":{"self":[{"href":"https:\/\/camping-coeur-alsace.fr\/nl\/wp-json\/wp\/v2\/pages\/2338"}],"collection":[{"href":"https:\/\/camping-coeur-alsace.fr\/nl\/wp-json\/wp\/v2\/pages"}],"about":[{"href":"https:\/\/camping-coeur-alsace.fr\/nl\/wp-json\/wp\/v2\/types\/page"}],"author":[{"embeddable":true,"href":"https:\/\/camping-coeur-alsace.fr\/nl\/wp-json\/wp\/v2\/users\/1"}],"replies":[{"embeddable":true,"href":"https:\/\/camping-coeur-alsace.fr\/nl\/wp-json\/wp\/v2\/comments?post=2338"}],"version-history":[{"count":5,"href":"https:\/\/camping-coeur-alsace.fr\/nl\/wp-json\/wp\/v2\/pages\/2338\/revisions"}],"predecessor-version":[{"id":2519,"href":"https:\/\/camping-coeur-alsace.fr\/nl\/wp-json\/wp\/v2\/pages\/2338\/revisions\/2519"}],"wp:attachment":[{"href":"https:\/\/camping-coeur-alsace.fr\/nl\/wp-json\/wp\/v2\/media?parent=2338"}],"curies":[{"name":"wp","href":"https:\/\/api.w.org\/{rel}","templated":true}]}}