{"id":1360,"date":"2021-11-25T11:44:05","date_gmt":"2021-11-25T10:44:05","guid":{"rendered":"https:\/\/camping-coeur-alsace.fr\/dienste\/"},"modified":"2022-12-14T11:54:59","modified_gmt":"2022-12-14T10:54:59","slug":"dienste","status":"publish","type":"page","link":"https:\/\/camping-coeur-alsace.fr\/de\/dienste\/","title":{"rendered":"Dienste"},"content":{"rendered":"\n<div class=\"wp-block-cover has-background-dim mask_inner_page\"><img loading=\"lazy\" width=\"1920\" height=\"1280\" class=\"wp-block-cover__image-background wp-image-555\" alt=\"\" src=\"https:\/\/camping-coeur-alsace.fr\/wp-content\/uploads\/2021\/10\/camping-bateaux-alentours.jpg\" data-object-fit=\"cover\" srcset=\"https:\/\/camping-coeur-alsace.fr\/wp-content\/uploads\/2021\/10\/camping-bateaux-alentours.jpg 1920w, https:\/\/camping-coeur-alsace.fr\/wp-content\/uploads\/2021\/10\/camping-bateaux-alentours-300x200.jpg 300w, https:\/\/camping-coeur-alsace.fr\/wp-content\/uploads\/2021\/10\/camping-bateaux-alentours-1024x683.jpg 1024w, https:\/\/camping-coeur-alsace.fr\/wp-content\/uploads\/2021\/10\/camping-bateaux-alentours-768x512.jpg 768w, https:\/\/camping-coeur-alsace.fr\/wp-content\/uploads\/2021\/10\/camping-bateaux-alentours-1536x1024.jpg 1536w\" sizes=\"(max-width: 1920px) 100vw, 1920px\" \/><div class=\"wp-block-cover__inner-container\">\n<h1 class=\"has-text-align-center\">Dienste<\/h1>\n<\/div><\/div>\n\n\n\n<div class=\"wp-block-group T-60-a has-fond-background-color has-background\"><div class=\"wp-block-group__inner-container\">\n<div class=\"wp-block-columns\">\n<div class=\"wp-block-column col_left\">\n<figure class=\"wp-block-image size-large\"><img src=\"https:\/\/camping-coeur-alsace.fr\/wp-content\/uploads\/2022\/12\/IMG_1889-768x1024.jpeg\" alt=\"\" class=\"wp-image-2009\"\/><\/figure>\n\n\n\n<figure class=\"wp-block-image size-large\"><img src=\"https:\/\/camping-coeur-alsace.fr\/wp-content\/uploads\/2022\/12\/IMG_1888-1024x768.jpeg\" alt=\"\" class=\"wp-image-2012\"\/><\/figure>\n\n\n\n<p class=\"go_to_gal has-tertiaire-color has-text-color\"><strong><a href=\"https:\/\/camping-coeur-alsace.fr\/de\/fotogalerie\/\" data-type=\"page\" data-id=\"484\"><i class=\"fc-camera-retro\"><\/i>  Zur Fotogalerie<\/a><\/strong><\/p>\n<\/div>\n\n\n\n<div class=\"wp-block-column\" style=\"flex-basis:70%\">\n<h2 class=\"has-tertiaire-color has-text-color\">Das Wichtigste vor Ort f\u00fcr Ihren Familienurlaub<\/h2>\n\n\n\n<p class=\"has-typo-color has-text-color\">Auf dem Campingplatz Coeur d&#8217;Alsace kommen Sie, um sich zu entspannen und auszuruhen: Es kommt nicht in Frage, dass Sie laufen m\u00fcssen, um sich zu versorgen! Wir stellen den Campern auch einen kleinen Lebensmittelladen zur Verf\u00fcgung, der alles enth\u00e4lt, was f\u00fcr einen gelungenen Aufenthalt notwendig ist: Sie k\u00f6nnen Ihre Mahlzeiten dank einer gro\u00dfen Auswahl an vor allem regionalen Produkten selbst zubereiten, aber auch alles f\u00fcr Ihren t\u00e4glichen Bedarf (Hygiene, Sch\u00f6nheit, Komfort). Au\u00dferdem wird t\u00e4glich frisches Brot abgegeben!<\/p>\n\n\n\n<p><\/p>\n\n\n\n<div class=\"wp-block-columns bloc-pictos\">\n<div class=\"wp-block-column\"><i class=\"fc-dryer\"><\/i>\n\n\n\n<p class=\"has-typo-color has-text-color\"><strong>W\u00e4scherei<\/strong><\/p>\n<\/div>\n\n\n\n<div class=\"wp-block-column\"><i class=\"fc-snack\"><\/i>\n\n\n\n<p class=\"has-typo-color has-text-color\"><strong>Lebensmittelgesch\u00e4ft<\/strong><\/p>\n<\/div>\n\n\n\n<div class=\"wp-block-column\"><i class=\"fc-toilet\"><\/i>\n\n\n\n<p class=\"has-typo-color has-text-color\"><strong>Sanit\u00e4r<\/strong><\/p>\n<\/div>\n\n\n\n<div class=\"wp-block-column\"><i class=\"fc-wifi\"><\/i>\n\n\n\n<p class=\"has-typo-color has-text-color\"><strong>Wifi<\/strong><\/p>\n<\/div>\n<\/div>\n\n\n\n<blockquote class=\"wp-block-quote\"><p>Das Dorf und seine kleinen Gesch\u00e4fte sind zu Fu\u00df oder mit dem Fahrrad erreichbar. Ob zu zweit oder mit der Familie, der Campingplatz Coeur d&#8217;Alsace bietet Naturliebhabern das perfekte Gleichgewicht zwischen Ruhe und Komfort!<\/p><\/blockquote>\n\n\n\n<figure class=\"wp-block-gallery columns-3 is-cropped bloc-galerie\"><ul class=\"blocks-gallery-grid\"><li class=\"blocks-gallery-item\"><figure><img loading=\"lazy\" width=\"768\" height=\"1024\" src=\"https:\/\/camping-coeur-alsace.fr\/wp-content\/uploads\/2022\/12\/IMG_3057-768x1024.jpeg\" alt=\"\" data-id=\"2015\" data-full-url=\"https:\/\/camping-coeur-alsace.fr\/wp-content\/uploads\/2022\/12\/IMG_3057-scaled.jpeg\" data-link=\"https:\/\/camping-coeur-alsace.fr\/services\/attachment\/img_3057\/\" class=\"wp-image-2015\"\/><\/figure><\/li><li class=\"blocks-gallery-item\"><figure><img loading=\"lazy\" width=\"1024\" height=\"768\" src=\"https:\/\/camping-coeur-alsace.fr\/wp-content\/uploads\/2022\/12\/IMG_3108-1024x768.jpeg\" alt=\"\" data-id=\"2018\" data-full-url=\"https:\/\/camping-coeur-alsace.fr\/wp-content\/uploads\/2022\/12\/IMG_3108-scaled.jpeg\" data-link=\"https:\/\/camping-coeur-alsace.fr\/services\/attachment\/img_3108\/\" class=\"wp-image-2018\" srcset=\"https:\/\/camping-coeur-alsace.fr\/wp-content\/uploads\/2022\/12\/IMG_3108-1024x768.jpeg 1024w, https:\/\/camping-coeur-alsace.fr\/wp-content\/uploads\/2022\/12\/IMG_3108-300x225.jpeg 300w, https:\/\/camping-coeur-alsace.fr\/wp-content\/uploads\/2022\/12\/IMG_3108-768x576.jpeg 768w, https:\/\/camping-coeur-alsace.fr\/wp-content\/uploads\/2022\/12\/IMG_3108-1536x1152.jpeg 1536w, https:\/\/camping-coeur-alsace.fr\/wp-content\/uploads\/2022\/12\/IMG_3108-2048x1536.jpeg 2048w\" sizes=\"(max-width: 1024px) 100vw, 1024px\" \/><\/figure><\/li><li class=\"blocks-gallery-item\"><figure><img loading=\"lazy\" width=\"768\" height=\"1024\" src=\"https:\/\/camping-coeur-alsace.fr\/wp-content\/uploads\/2022\/12\/IMG_3121-768x1024.jpeg\" alt=\"\" data-id=\"2022\" data-full-url=\"https:\/\/camping-coeur-alsace.fr\/wp-content\/uploads\/2022\/12\/IMG_3121-scaled.jpeg\" data-link=\"https:\/\/camping-coeur-alsace.fr\/services\/attachment\/img_3121\/\" class=\"wp-image-2022\" srcset=\"https:\/\/camping-coeur-alsace.fr\/wp-content\/uploads\/2022\/12\/IMG_3121-768x1024.jpeg 768w, https:\/\/camping-coeur-alsace.fr\/wp-content\/uploads\/2022\/12\/IMG_3121-225x300.jpeg 225w, https:\/\/camping-coeur-alsace.fr\/wp-content\/uploads\/2022\/12\/IMG_3121-1152x1536.jpeg 1152w, https:\/\/camping-coeur-alsace.fr\/wp-content\/uploads\/2022\/12\/IMG_3121-1536x2048.jpeg 1536w, https:\/\/camping-coeur-alsace.fr\/wp-content\/uploads\/2022\/12\/IMG_3121-scaled.jpeg 1920w\" sizes=\"(max-width: 768px) 100vw, 768px\" \/><\/figure><\/li><\/ul><\/figure>\n<\/div>\n<\/div>\n<\/div><\/div>\n\n\n\n<div class=\"wp-block-cover has-background-dim-100 has-fond-background-color has-background-dim T-20-b\" id=\"camping\"><img loading=\"lazy\" width=\"1920\" height=\"1280\" class=\"wp-block-cover__image-background wp-image-379\" alt=\"\" src=\"https:\/\/camping-coeur-alsace.fr\/wp-content\/uploads\/2021\/10\/IMG_0502.jpg\" data-object-fit=\"cover\" srcset=\"https:\/\/camping-coeur-alsace.fr\/wp-content\/uploads\/2021\/10\/IMG_0502.jpg 1920w, https:\/\/camping-coeur-alsace.fr\/wp-content\/uploads\/2021\/10\/IMG_0502-300x200.jpg 300w, https:\/\/camping-coeur-alsace.fr\/wp-content\/uploads\/2021\/10\/IMG_0502-1024x683.jpg 1024w, https:\/\/camping-coeur-alsace.fr\/wp-content\/uploads\/2021\/10\/IMG_0502-768x512.jpg 768w, https:\/\/camping-coeur-alsace.fr\/wp-content\/uploads\/2021\/10\/IMG_0502-1536x1024.jpg 1536w\" sizes=\"(max-width: 1920px) 100vw, 1920px\" \/><div class=\"wp-block-cover__inner-container\">\n<div class=\"wp-block-columns\">\n<div class=\"wp-block-column is-vertically-aligned-center\">\n<h2 class=\"has-tertiaire-color has-text-color\">Wertvolle Dienste<br><span class=\"small\">f\u00fcr einen Urlaub mit allem Komfort<\/span><\/h2>\n\n\n\n<p class=\"has-typo-color has-text-color\">  Um einen Familienurlaub gelassen zu erleben, braucht man Ruhe, Natur, Freizeitangebote, aber auch einige praktische Dienstleistungen, die allen angenehme Komfortbedingungen bieten. J\u00fcngere Kinder werden wahrscheinlich beruhigt sein zu wissen, dass sie an einem See im Herzen des Elsass zelten gehen k\u00f6nnen, ohne sich v\u00f6llig von ihren Netzwerken abmelden zu m\u00fcssen. Der Campingplatz Coeur d&#8217;Alsace stellt den Campern n\u00e4mlich an der Rezeption einen kostenlosen WLAN-Anschluss zur Verf\u00fcgung. Die komplett neuen Sanit\u00e4ranlagen bieten jedem die besten Voraussetzungen, um sich zu waschen, Geschirr zu sp\u00fclen oder auch seine W\u00e4sche zu waschen. Wohnmobilurlauber profitieren hingegen von einem umfassenden Servicebereich, der sicherstellt, dass sie ihre eigenen Komfortausr\u00fcstungen nutzen k\u00f6nnen, wenn sie dies w\u00fcnschen.  <\/p>\n<\/div>\n\n\n\n<div class=\"wp-block-column is-vertically-aligned-bottom\" style=\"flex-basis:60%\">\n<figure class=\"wp-block-image size-full\"><img loading=\"lazy\" width=\"900\" height=\"600\" src=\"https:\/\/camping-coeur-alsace.fr\/wp-content\/uploads\/2021\/10\/vaisselle.jpg\" alt=\"\" class=\"wp-image-754\" srcset=\"https:\/\/camping-coeur-alsace.fr\/wp-content\/uploads\/2021\/10\/vaisselle.jpg 900w, https:\/\/camping-coeur-alsace.fr\/wp-content\/uploads\/2021\/10\/vaisselle-300x200.jpg 300w, https:\/\/camping-coeur-alsace.fr\/wp-content\/uploads\/2021\/10\/vaisselle-768x512.jpg 768w\" sizes=\"(max-width: 900px) 100vw, 900px\" \/><\/figure>\n<\/div>\n<\/div>\n<\/div><\/div>\n","protected":false},"excerpt":{"rendered":"<p>Zur Fotogalerie Das Wichtigste vor Ort f\u00fcr Ihren Familienurlaub Auf dem Campingplatz Coeur d&#8217;Alsace kommen Sie, um sich zu entspannen und auszuruhen: Es kommt nicht in Frage, dass Sie laufen m\u00fcssen, um sich zu versorgen! Wir stellen den Campern auch einen kleinen Lebensmittelladen zur Verf\u00fcgung, der alles enth\u00e4lt, was f\u00fcr einen gelungenen Aufenthalt notwendig ist: [&hellip;]<\/p>\n","protected":false},"author":1,"featured_media":0,"parent":0,"menu_order":0,"comment_status":"closed","ping_status":"closed","template":"","meta":[],"_links":{"self":[{"href":"https:\/\/camping-coeur-alsace.fr\/de\/wp-json\/wp\/v2\/pages\/1360"}],"collection":[{"href":"https:\/\/camping-coeur-alsace.fr\/de\/wp-json\/wp\/v2\/pages"}],"about":[{"href":"https:\/\/camping-coeur-alsace.fr\/de\/wp-json\/wp\/v2\/types\/page"}],"author":[{"embeddable":true,"href":"https:\/\/camping-coeur-alsace.fr\/de\/wp-json\/wp\/v2\/users\/1"}],"replies":[{"embeddable":true,"href":"https:\/\/camping-coeur-alsace.fr\/de\/wp-json\/wp\/v2\/comments?post=1360"}],"version-history":[{"count":2,"href":"https:\/\/camping-coeur-alsace.fr\/de\/wp-json\/wp\/v2\/pages\/1360\/revisions"}],"predecessor-version":[{"id":2064,"href":"https:\/\/camping-coeur-alsace.fr\/de\/wp-json\/wp\/v2\/pages\/1360\/revisions\/2064"}],"wp:attachment":[{"href":"https:\/\/camping-coeur-alsace.fr\/de\/wp-json\/wp\/v2\/media?parent=1360"}],"curies":[{"name":"wp","href":"https:\/\/api.w.org\/{rel}","templated":true}]}}