{"id":1348,"date":"2021-11-25T11:43:30","date_gmt":"2021-11-25T10:43:30","guid":{"rendered":"https:\/\/camping-coeur-alsace.fr\/angeln\/"},"modified":"2024-08-09T10:02:13","modified_gmt":"2024-08-09T08:02:13","slug":"angeln","status":"publish","type":"page","link":"https:\/\/camping-coeur-alsace.fr\/de\/angeln\/","title":{"rendered":"Angeln"},"content":{"rendered":"\n<div class=\"wp-block-cover has-background-dim mask_inner_page\"><img class=\"wp-block-cover__image-background wp-image-568\" alt=\"\" src=\"https:\/\/camping-coeur-alsace.fr\/wp-content\/uploads\/2021\/10\/camping-etang-peche-en-alsace.jpg\" style=\"object-position:50% 63%\" data-object-fit=\"cover\" data-object-position=\"50% 63%\"\/><div class=\"wp-block-cover__inner-container\">\n<h1 class=\"has-text-align-center\">Angeln<\/h1>\n<\/div><\/div>\n\n\n\n<div class=\"wp-block-columns T-65-b has-fond-background-color has-background\" id=\"peche\">\n<div class=\"wp-block-column images\">\n<figure class=\"wp-block-image size-full\"><img loading=\"lazy\" width=\"900\" height=\"600\" src=\"https:\/\/camping-coeur-alsace.fr\/wp-content\/uploads\/2021\/10\/peche-petit_fils.jpg\" alt=\"\" class=\"wp-image-581\" srcset=\"https:\/\/camping-coeur-alsace.fr\/wp-content\/uploads\/2021\/10\/peche-petit_fils.jpg 900w, https:\/\/camping-coeur-alsace.fr\/wp-content\/uploads\/2021\/10\/peche-petit_fils-300x200.jpg 300w, https:\/\/camping-coeur-alsace.fr\/wp-content\/uploads\/2021\/10\/peche-petit_fils-768x512.jpg 768w\" sizes=\"(max-width: 900px) 100vw, 900px\" \/><\/figure>\n\n\n\n<div class=\"wp-block-columns\">\n<div class=\"wp-block-column\">\n<figure class=\"wp-block-image size-full\"><img loading=\"lazy\" width=\"900\" height=\"675\" src=\"https:\/\/camping-coeur-alsace.fr\/wp-content\/uploads\/2021\/10\/lac-peche-promenade.jpg\" alt=\"Camping C\u0153ur D'alsace : See Peche Promenade\" class=\"wp-image-290\" srcset=\"https:\/\/camping-coeur-alsace.fr\/wp-content\/uploads\/2021\/10\/lac-peche-promenade.jpg 900w, https:\/\/camping-coeur-alsace.fr\/wp-content\/uploads\/2021\/10\/lac-peche-promenade-300x225.jpg 300w, https:\/\/camping-coeur-alsace.fr\/wp-content\/uploads\/2021\/10\/lac-peche-promenade-768x576.jpg 768w\" sizes=\"(max-width: 900px) 100vw, 900px\" \/><\/figure>\n\n\n\n<p class=\"has-text-align-right go_to_gal has-tertiaire-color has-text-color\"><strong><a href=\"https:\/\/camping-coeur-alsace.fr\/de\/fotogalerie\/\" data-type=\"page\" data-id=\"484\"><i class=\"fc-camera-retro\"><\/i>  Zur Fotogalerie<\/a><\/strong><\/p>\n<\/div>\n\n\n\n<div class=\"wp-block-column\">\n<figure class=\"wp-block-image size-full\"><img loading=\"lazy\" width=\"900\" height=\"600\" src=\"https:\/\/camping-coeur-alsace.fr\/wp-content\/uploads\/2021\/10\/peche-lac.jpg\" alt=\"Campingplatz C\u0153ur D'alsace : Angeln See\" class=\"wp-image-302\" srcset=\"https:\/\/camping-coeur-alsace.fr\/wp-content\/uploads\/2021\/10\/peche-lac.jpg 900w, https:\/\/camping-coeur-alsace.fr\/wp-content\/uploads\/2021\/10\/peche-lac-300x200.jpg 300w, https:\/\/camping-coeur-alsace.fr\/wp-content\/uploads\/2021\/10\/peche-lac-768x512.jpg 768w\" sizes=\"(max-width: 900px) 100vw, 900px\" \/><\/figure>\n<\/div>\n<\/div>\n<\/div>\n\n\n\n<div class=\"wp-block-column\" style=\"flex-basis:56%\">\n<h2 class=\"has-tertiaire-color has-text-color\">Campingplatz mit Angelteich im Elsass<\/h2>\n\n\n\n<p class=\"has-typo-color has-text-color\">Das Elsass ist ein wahres Paradies f\u00fcr Angler! Sie verf\u00fcgt \u00fcber ausgezeichnete Spots, die sowohl die Anf\u00e4nger als auch die Experten unter uns begeistern werden. Unser Campingplatz in Harskirchen empf\u00e4ngt Sie also in einer traumhaften Umgebung f\u00fcr alle unsere Anglerfreunde.<\/p>\n\n\n\n<p class=\"has-typo-color has-text-color\">Unser Campingplatz mit Angelteich liegt in unserer sch\u00f6nen Region Elsass und ist ein entspannender Zwischenstopp inmitten der Natur. Unser Familienbetrieb verf\u00fcgt \u00fcber angenehme Mietunterk\u00fcnfte und Unterk\u00fcnfte, die sich f\u00fcr alle Arten von Campern eignen. Au\u00dferdem bieten sich vor Ort oder in der Umgebung eine Vielzahl von Aktivit\u00e4ten an. Nachdem Sie also den Komfort der Umgebung genossen haben, warum g\u00f6nnen Sie sich nicht eine kleine Freizeitpause, indem Sie sich dem Angeln widmen?<\/p>\n\n\n\n<p class=\"has-typo-color has-text-color\">Unser Campingplatz verf\u00fcgt n\u00e4mlich \u00fcber einen Angelteich, der von allen gesch\u00e4tzt wird. Es ist eine erholsame Umgebung, in der Sie der Natur n\u00e4herkommen und sich auf Ihre Umgebung konzentrieren k\u00f6nnen.<\/p>\n\n\n\n<div class=\"wp-block-columns bloc-pictos\">\n<div class=\"wp-block-column\"><i class=\"fc-mountains\"><\/i>\n\n\n\n<h4 class=\"has-typo-color has-text-color\">Nat\u00fcrlicher Rahmen<\/h4>\n<\/div>\n\n\n\n<div class=\"wp-block-column\"><i class=\"fc-squirrel\"><\/i>\n\n\n\n<h4 class=\"has-typo-color has-text-color\">Ruhe &amp; Entspannung<\/h4>\n<\/div>\n\n\n\n<div class=\"wp-block-column\"><i class=\"fc-fish\"><\/i>\n\n\n\n<h4 class=\"has-typo-color has-text-color\">Ort des Fischfangs<\/h4>\n<\/div>\n<\/div>\n<\/div>\n<\/div>\n\n\n\n<div class=\"wp-block-cover T-100-a\"><img loading=\"lazy\" width=\"1920\" height=\"1280\" class=\"wp-block-cover__image-background wp-image-450\" alt=\"\" src=\"https:\/\/camping-coeur-alsace.fr\/wp-content\/uploads\/2021\/10\/IMG_0477.jpg\" data-object-fit=\"cover\" srcset=\"https:\/\/camping-coeur-alsace.fr\/wp-content\/uploads\/2021\/10\/IMG_0477.jpg 1920w, https:\/\/camping-coeur-alsace.fr\/wp-content\/uploads\/2021\/10\/IMG_0477-300x200.jpg 300w, https:\/\/camping-coeur-alsace.fr\/wp-content\/uploads\/2021\/10\/IMG_0477-1024x683.jpg 1024w, https:\/\/camping-coeur-alsace.fr\/wp-content\/uploads\/2021\/10\/IMG_0477-768x512.jpg 768w, https:\/\/camping-coeur-alsace.fr\/wp-content\/uploads\/2021\/10\/IMG_0477-1536x1024.jpg 1536w\" sizes=\"(max-width: 1920px) 100vw, 1920px\" \/><div class=\"wp-block-cover__inner-container\">\n<div class=\"wp-block-group has-blanc-background-color has-background\"><div class=\"wp-block-group__inner-container\">\n<h2 class=\"h2_alt has-tertiaire-color has-text-color\">Angelpl\u00e4tze in der N\u00e4he des Campingplatzes<\/h2>\n\n\n\n<p class=\"has-typo-color has-text-color\">Neben den beiden Teichen auf dem Campingplatz gibt es f\u00fcr Angelfreunde noch mehrere andere Gew\u00e4sser in der N\u00e4he. Das Elsass wird n\u00e4mlich von Fl\u00fcssen mit einem reichen und vielf\u00e4ltigen \u00d6kosystem durchzogen, wie z. B. der Saar, dem Saarkohlekanal und vielen anderen.<br>Ob allein oder mit der Familie, entdecken Sie diese Wassersch\u00e4tze, die unvergleichliche Entspannung bieten.<\/p>\n\n\n\n<p class=\"has-typo-color has-text-color\">Unsere Einrichtung vereint viele begeisterte Angler, also z\u00f6gern Sie nicht, sich \u00fcber die bevorzugten Pl\u00e4tze und Techniken auszutauschen, denn unser Campingplatz mit Angelteich im Elsass ist auch und vor allem ein geselliger Ort.<\/p>\n<\/div><\/div>\n<\/div><\/div>\n\n\n\n<div class=\"wp-block-cover has-background-dim-100 has-fond-background-color has-background-dim T-20-b\" id=\"camping\"><img loading=\"lazy\" width=\"1920\" height=\"1280\" class=\"wp-block-cover__image-background wp-image-379\" alt=\"\" src=\"https:\/\/camping-coeur-alsace.fr\/wp-content\/uploads\/2021\/10\/IMG_0502.jpg\" style=\"object-position:51% 50%\" data-object-fit=\"cover\" data-object-position=\"51% 50%\" srcset=\"https:\/\/camping-coeur-alsace.fr\/wp-content\/uploads\/2021\/10\/IMG_0502.jpg 1920w, https:\/\/camping-coeur-alsace.fr\/wp-content\/uploads\/2021\/10\/IMG_0502-300x200.jpg 300w, https:\/\/camping-coeur-alsace.fr\/wp-content\/uploads\/2021\/10\/IMG_0502-1024x683.jpg 1024w, https:\/\/camping-coeur-alsace.fr\/wp-content\/uploads\/2021\/10\/IMG_0502-768x512.jpg 768w, https:\/\/camping-coeur-alsace.fr\/wp-content\/uploads\/2021\/10\/IMG_0502-1536x1024.jpg 1536w\" sizes=\"(max-width: 1920px) 100vw, 1920px\" \/><div class=\"wp-block-cover__inner-container\">\n<div class=\"wp-block-columns\">\n<div class=\"wp-block-column is-vertically-aligned-center\">\n<h2 class=\"has-tertiaire-color has-text-color\"><span class=\"small\"><strong>Informationen \u00fcber das Angeln im Elsass<\/strong><\/span><\/h2>\n\n\n\n<p class=\"has-typo-color has-text-color\">Wenn Sie in der N\u00e4he oder vor Ort angeln, werden Sie mehr oder weniger leicht f\u00fcndig:<\/p>\n\n\n\n<ul class=\"has-typo-color has-text-color\"><li><span class=\"has-inline-color has-typo-color\">Zander<\/span><\/li><li><span class=\"has-inline-color has-typo-color\">Spie\u00df<\/span><\/li><li><span class=\"has-inline-color has-typo-color\">Barsche<\/span><\/li><li><span class=\"has-inline-color has-typo-color\">Welse<\/span><\/li><li><span class=\"has-inline-color has-typo-color\">Karpfen<\/span><\/li><li><span class=\"has-inline-color has-typo-color\">Behalten wir<\/span><\/li><li><span class=\"has-inline-color has-typo-color\">Rotengles<\/span><\/li><li><span class=\"has-inline-color has-typo-color\">Bremen<\/span><\/li><li><span class=\"has-inline-color has-typo-color\">Karausche<\/span><\/li><\/ul>\n\n\n\n<p class=\"has-typo-color has-text-color\">Diese geh\u00f6ren zu den am h\u00e4ufigsten gefundenen Arten, aber es liegt an Ihnen, den Fisch zu beschlagen, den Sie wollen. Nutzen Sie die Gelegenheit und erkundigen Sie sich auf dem Campingplatz nach Mindestgr\u00f6\u00dfen, \u00d6ffnungszeiten und allen anderen Informationen, die Sie ben\u00f6tigen, um Ihren Urlaub in vollen Z\u00fcgen zu genie\u00dfen.<\/p>\n\n\n\n<p class=\"has-typo-color has-text-color\">W\u00e4hlen Sie dann die f\u00fcr Sie passende Technik aus und bereiten Sie das Feld vor. Jetzt m\u00fcssen Sie nur noch Ihre Ausr\u00fcstung aufbauen, Ihren K\u00f6der oder Lockstoff platzieren und die Ruhe der Umgebung genie\u00dfen.<\/p>\n<\/div>\n\n\n\n<div class=\"wp-block-column is-vertically-aligned-bottom\" style=\"flex-basis:60%\">\n<figure class=\"wp-block-image size-large\"><img loading=\"lazy\" width=\"1024\" height=\"683\" src=\"https:\/\/camping-coeur-alsace.fr\/wp-content\/uploads\/2021\/10\/camping-etang-peche-en-alsace-1024x683.jpg\" alt=\"\" class=\"wp-image-568\"\/><\/figure>\n<\/div>\n<\/div>\n<\/div><\/div>\n","protected":false},"excerpt":{"rendered":"<p>Zur Fotogalerie Campingplatz mit Angelteich im Elsass Das Elsass ist ein wahres Paradies f\u00fcr Angler! Sie verf\u00fcgt \u00fcber ausgezeichnete Spots, die sowohl die Anf\u00e4nger als auch die Experten unter uns begeistern werden. Unser Campingplatz in Harskirchen empf\u00e4ngt Sie also in einer traumhaften Umgebung f\u00fcr alle unsere Anglerfreunde. Unser Campingplatz mit Angelteich liegt in unserer sch\u00f6nen [&hellip;]<\/p>\n","protected":false},"author":1,"featured_media":0,"parent":0,"menu_order":0,"comment_status":"closed","ping_status":"closed","template":"","meta":[],"_links":{"self":[{"href":"https:\/\/camping-coeur-alsace.fr\/de\/wp-json\/wp\/v2\/pages\/1348"}],"collection":[{"href":"https:\/\/camping-coeur-alsace.fr\/de\/wp-json\/wp\/v2\/pages"}],"about":[{"href":"https:\/\/camping-coeur-alsace.fr\/de\/wp-json\/wp\/v2\/types\/page"}],"author":[{"embeddable":true,"href":"https:\/\/camping-coeur-alsace.fr\/de\/wp-json\/wp\/v2\/users\/1"}],"replies":[{"embeddable":true,"href":"https:\/\/camping-coeur-alsace.fr\/de\/wp-json\/wp\/v2\/comments?post=1348"}],"version-history":[{"count":5,"href":"https:\/\/camping-coeur-alsace.fr\/de\/wp-json\/wp\/v2\/pages\/1348\/revisions"}],"predecessor-version":[{"id":2674,"href":"https:\/\/camping-coeur-alsace.fr\/de\/wp-json\/wp\/v2\/pages\/1348\/revisions\/2674"}],"wp:attachment":[{"href":"https:\/\/camping-coeur-alsace.fr\/de\/wp-json\/wp\/v2\/media?parent=1348"}],"curies":[{"name":"wp","href":"https:\/\/api.w.org\/{rel}","templated":true}]}}