{"id":1340,"date":"2021-11-25T11:43:02","date_gmt":"2021-11-25T10:43:02","guid":{"rendered":"https:\/\/camping-coeur-alsace.fr\/unsere-vermietungen\/"},"modified":"2023-12-18T17:27:32","modified_gmt":"2023-12-18T16:27:32","slug":"unsere-vermietungen","status":"publish","type":"page","link":"https:\/\/camping-coeur-alsace.fr\/de\/unsere-vermietungen\/","title":{"rendered":"Unsere Vermietungen"},"content":{"rendered":"\n<div class=\"wp-block-cover has-background-dim mask_inner_page\"><img class=\"wp-block-cover__image-background wp-image-510\" alt=\"\" src=\"https:\/\/camping-coeur-alsace.fr\/wp-content\/uploads\/2021\/10\/locations-emplacements-camping-alsace.jpg\" data-object-fit=\"cover\"\/><div class=\"wp-block-cover__inner-container\">\n<h1 class=\"has-text-align-center\">Feriendomizile in Elsass<\/h1>\n<\/div><\/div>\n\n\n\n<div class=\"wp-block-group T-60-a has-fond-background-color has-background\"><div class=\"wp-block-group__inner-container\">\n<div class=\"wp-block-columns\">\n<div class=\"wp-block-column col_left\">\n<figure class=\"wp-block-image size-large\"><img loading=\"lazy\" width=\"1024\" height=\"768\" src=\"https:\/\/camping-coeur-alsace.fr\/wp-content\/uploads\/2022\/12\/IMG_1843-1024x768.jpeg\" alt=\"\" class=\"wp-image-1990\" srcset=\"https:\/\/camping-coeur-alsace.fr\/wp-content\/uploads\/2022\/12\/IMG_1843-1024x768.jpeg 1024w, https:\/\/camping-coeur-alsace.fr\/wp-content\/uploads\/2022\/12\/IMG_1843-300x225.jpeg 300w, https:\/\/camping-coeur-alsace.fr\/wp-content\/uploads\/2022\/12\/IMG_1843-768x576.jpeg 768w, https:\/\/camping-coeur-alsace.fr\/wp-content\/uploads\/2022\/12\/IMG_1843-1536x1152.jpeg 1536w, https:\/\/camping-coeur-alsace.fr\/wp-content\/uploads\/2022\/12\/IMG_1843-2048x1536.jpeg 2048w\" sizes=\"(max-width: 1024px) 100vw, 1024px\" \/><\/figure>\n\n\n\n<figure class=\"wp-block-image size-large\"><img loading=\"lazy\" width=\"1024\" height=\"768\" src=\"https:\/\/camping-coeur-alsace.fr\/wp-content\/uploads\/2022\/12\/IMG_2801-1024x768.jpeg\" alt=\"\" class=\"wp-image-1987\" srcset=\"https:\/\/camping-coeur-alsace.fr\/wp-content\/uploads\/2022\/12\/IMG_2801-1024x768.jpeg 1024w, https:\/\/camping-coeur-alsace.fr\/wp-content\/uploads\/2022\/12\/IMG_2801-300x225.jpeg 300w, https:\/\/camping-coeur-alsace.fr\/wp-content\/uploads\/2022\/12\/IMG_2801-768x576.jpeg 768w, https:\/\/camping-coeur-alsace.fr\/wp-content\/uploads\/2022\/12\/IMG_2801-1536x1152.jpeg 1536w, https:\/\/camping-coeur-alsace.fr\/wp-content\/uploads\/2022\/12\/IMG_2801-2048x1536.jpeg 2048w\" sizes=\"(max-width: 1024px) 100vw, 1024px\" \/><\/figure>\n\n\n\n<p class=\"go_to_gal has-tertiaire-color has-text-color\"><strong><a href=\"https:\/\/camping-coeur-alsace.fr\/de\/fotogalerie\/\" data-type=\"page\" data-id=\"484\"><i class=\"fc-camera-retro\"><\/i>  Zur Fotogalerie<\/a><\/strong><\/p>\n<\/div>\n\n\n\n<div class=\"wp-block-column\" style=\"flex-basis:70%\">\n<div class=\"wp-block-group grid\"><div class=\"wp-block-group__inner-container\"><\/div><\/div>\n\n\n\n<h2 class=\"has-tertiaire-color has-text-color\">Unsere Biwaks <span class=\"small\">f\u00fcr Ihre Fahrradetappen<\/span><\/h2>\n\n\n\n<p class=\"has-typo-color has-text-color\">Besuchen Sie die Region mit dem Fahrrad und suchen Sie eine Unterkunft, ohne Ihr Zelt mitschleppen zu m\u00fcssen? Die Biwaks auf dem Campingplatz Coeur d&#8217;Alsace sind genau das Richtige f\u00fcr Sie! Diese Unterk\u00fcnfte f\u00fcr maximal zwei Personen befinden sich auf der zentralen Insel unseres Teichs und bieten Ihnen einen v\u00f6llig offenen Rahmen f\u00fcr die umliegende Natur. Unsere Bivouacs verf\u00fcgen \u00fcber eine Steckdose und sind auf zwei Ebenen angelegt: Sie k\u00f6nnen sich also bequem ausruhen und haben Platz, um Ihre Ausr\u00fcstung zu verstauen. Au\u00dferdem befindet sich f\u00fcr Ihre Versorgung ein Lebensmittelgesch\u00e4ft auf dem Campingplatz.  <\/p>\n\n\n\n<div class=\"wp-block-group\"><div class=\"wp-block-group__inner-container\">\n<p class=\"has-typo-color has-text-color\">Der Naturpark Nordvogesen ist ein paradiesisches Reiseziel f\u00fcr einen erholsamen Urlaub inmitten der Natur und bietet Liebhabern von weiten Landschaften sanfte H\u00fcgellandschaften mit Lichtungen und Teichen. Buchen Sie auf einem Familien- und Naturcampingplatz im Elsass, f\u00fcr einen Zwischenstopp auf Ihrer Radtour oder f\u00fcr eine Woche Urlaub! Coeur d&#8217;Alsace ist ideal im D\u00e9partement Bas-Rhin gelegen: ein Gebiet, das es zu entdecken gilt!<\/p>\n\n\n\n<p class=\"has-typo-color has-text-color\">Diese einfachen und gem\u00fctlichen Ferienunterk\u00fcnfte sind ideal f\u00fcr Radfahrer und Wanderer, die das Elsass auf einer Wandertour durchstreifen. Sie empfangen Sie f\u00fcr eine Etappe von einer oder mehreren N\u00e4chten am Rande des Teiches!<\/p>\n\n\n\n<div class=\"wp-block-group cta\"><div class=\"wp-block-group__inner-container\">\n<p class=\"has-typo-color has-text-color\"><a href=\"https:\/\/camping-coeur-alsace.fr\/de\/tourismus\/\" data-type=\"page\" data-id=\"340\">Entdecken Sie die Umgebung  <i class=\"fc-arrow-right\"><\/i><\/a><\/p>\n\n\n\n<div class=\"wp-block-buttons\">\n<div class=\"wp-block-button btn_resa\"><a class=\"wp-block-button__link has-primaire-background-color has-background\" style=\"border-radius:50px\"><i class=\"fc-campground\"><\/i>  Ein Biwak buchen<\/a><\/div>\n<\/div>\n<\/div><\/div>\n<\/div><\/div>\n<\/div>\n<\/div>\n<\/div><\/div>\n\n\n\n<div class=\"wp-block-cover has-background-dim-90 has-fond-background-color has-background-dim T-20-c\"><img loading=\"lazy\" width=\"1920\" height=\"1280\" class=\"wp-block-cover__image-background wp-image-379\" alt=\"\" src=\"https:\/\/camping-coeur-alsace.fr\/wp-content\/uploads\/2021\/10\/IMG_0502.jpg\" data-object-fit=\"cover\" srcset=\"https:\/\/camping-coeur-alsace.fr\/wp-content\/uploads\/2021\/10\/IMG_0502.jpg 1920w, https:\/\/camping-coeur-alsace.fr\/wp-content\/uploads\/2021\/10\/IMG_0502-300x200.jpg 300w, https:\/\/camping-coeur-alsace.fr\/wp-content\/uploads\/2021\/10\/IMG_0502-1024x683.jpg 1024w, https:\/\/camping-coeur-alsace.fr\/wp-content\/uploads\/2021\/10\/IMG_0502-768x512.jpg 768w, https:\/\/camping-coeur-alsace.fr\/wp-content\/uploads\/2021\/10\/IMG_0502-1536x1024.jpg 1536w\" sizes=\"(max-width: 1920px) 100vw, 1920px\" \/><div class=\"wp-block-cover__inner-container\">\n<div class=\"wp-block-columns\">\n<div class=\"wp-block-column is-vertically-aligned-center\" style=\"flex-basis:50%\">\n<h2 class=\"has-tertiaire-color has-text-color\">Lodge-Zelte  <br>f\u00fcr <span class=\"small\">einen Aufenthalt im Gr\u00fcnen<\/span><\/h2>\n\n\n\n<p class=\"has-typo-color has-text-color\">Sie haben Lust, mit der Natur zu kommunizieren und einen ungew\u00f6hnlichen Aufenthalt im Elsass zu erleben? Der Campingplatz Coeur d&#8217;Alsace bietet Ihnen die M\u00f6glichkeit, den Charme der Lodge-Zelte zu erleben: echte kleine, zur Natur hin offene Ferienunterk\u00fcnfte, die sowohl f\u00fcr Paare als auch f\u00fcr Familien mit Kindern konzipiert sind. Unsere Lodge-Zelte stehen am Ufer eines Teichs auf einzelnen gr\u00fcnen und ger\u00e4umigen Parzellen und versprechen Ihnen einen erholsamen Urlaub im Elsass. Lodge-Zelte sind die perfekte Unterkunft, um sich nach einem Tag, an dem du die Gegend erkundest, unter den besten Bedingungen auszuruhen.  <\/p>\n\n\n\n<p class=\"has-typo-color has-text-color\">Sie werden auch Freude daran haben, sich am Abend zu treffen, um die Fr\u00fcchte Ihrer Angelpartie zu genie\u00dfen. Ein Urlaub in einer Lodge im Elsass steht f\u00fcr Entspannung, frische Luft, Grillen und Geselligkeit und bietet alles, um Sie nach Wochen der Arbeit zu revitalisieren. Die Region mit ihren sch\u00f6nen, warmen Sommern und zahlreichen Sehensw\u00fcrdigkeiten eignet sich besonders gut f\u00fcr einen Campingurlaub in einer Zeltunterkunft.  <\/p>\n\n\n\n<p class=\"has-typo-color has-text-color\">Hier k\u00f6nnen Sie Natur und frische Luft tanken und gleichzeitig die Geselligkeit und die herzliche Atmosph\u00e4re, die ein echter Campingplatz bietet, entdecken oder wiederentdecken.<\/p>\n\n\n\n<p><\/p>\n\n\n\n<div class=\"wp-block-group\"><div class=\"wp-block-group__inner-container\"><\/div><\/div>\n\n\n\n<div class=\"wp-block-group cta\"><div class=\"wp-block-group__inner-container\">\n<div class=\"wp-block-buttons is-content-justification-right\">\n<div class=\"wp-block-button btn_resa\"><a class=\"wp-block-button__link has-primaire-background-color has-background\" style=\"border-radius:50px\"><i class=\"fc-campground\"><\/i>  Ein Zelt buchen<\/a><\/div>\n<\/div>\n\n\n\n<p><\/p>\n<\/div><\/div>\n<\/div>\n\n\n\n<div class=\"wp-block-column is-vertically-aligned-center\" style=\"flex-basis:50%\">\n<figure class=\"wp-block-image size-large\"><img loading=\"lazy\" width=\"1024\" height=\"768\" src=\"https:\/\/camping-coeur-alsace.fr\/wp-content\/uploads\/2022\/12\/IMG_2900-1024x768.jpeg\" alt=\"\" class=\"wp-image-1993\" srcset=\"https:\/\/camping-coeur-alsace.fr\/wp-content\/uploads\/2022\/12\/IMG_2900-1024x768.jpeg 1024w, https:\/\/camping-coeur-alsace.fr\/wp-content\/uploads\/2022\/12\/IMG_2900-300x225.jpeg 300w, https:\/\/camping-coeur-alsace.fr\/wp-content\/uploads\/2022\/12\/IMG_2900-768x576.jpeg 768w, https:\/\/camping-coeur-alsace.fr\/wp-content\/uploads\/2022\/12\/IMG_2900-1536x1152.jpeg 1536w, https:\/\/camping-coeur-alsace.fr\/wp-content\/uploads\/2022\/12\/IMG_2900-2048x1536.jpeg 2048w\" sizes=\"(max-width: 1024px) 100vw, 1024px\" \/><\/figure>\n<\/div>\n<\/div>\n<\/div><\/div>\n\n\n\n<div class=\"wp-block-group T-60-a has-fond-background-color has-background\"><div class=\"wp-block-group__inner-container\">\n<div class=\"wp-block-columns\">\n<div class=\"wp-block-column col_left\">\n<figure class=\"wp-block-image size-full\"><img src=\"https:\/\/camping-coeur-alsace.fr\/wp-content\/uploads\/2023\/12\/webp-IMG_5237.webp\" alt=\"Camping C\u0153ur D'alsace : Webp Img 5237\" class=\"wp-image-2474\"\/><\/figure>\n\n\n\n<figure class=\"wp-block-image size-full\"><img src=\"https:\/\/camping-coeur-alsace.fr\/wp-content\/uploads\/2023\/12\/webp-Capture-decran-2023-12-09-a-15.25.29.webp\" alt=\"Camping C\u0153ur D'alsace : Webp Capture D\u2019\u00e9cran 2023 12 09 \u00e0 15.25.29\" class=\"wp-image-2484\"\/><\/figure>\n\n\n\n<p class=\"go_to_gal has-tertiaire-color has-text-color\"><strong><a href=\"https:\/\/camping-coeur-alsace.fr\/de\/fotogalerie\/\" data-type=\"page\" data-id=\"484\"><i class=\"fc-camera-retro\"><\/i> Voir la galerie photo<\/a><\/strong><\/p>\n<\/div>\n\n\n\n<div class=\"wp-block-column\" style=\"flex-basis:70%\">\n<div class=\"wp-block-group grid\"><div class=\"wp-block-group__inner-container\"><\/div><\/div>\n\n\n\n<h2 class=\"has-tertiaire-color has-text-color\">Nos locations de Cabahutte dans le Bas-Rhin<\/h2>\n\n\n\n<p class=\"has-typo-color has-text-color\"><strong>Nouveaut\u00e9 2024 !<\/strong> D\u00e9couvrez nos Cabahuttes pour un s\u00e9jour insolite en Alsace. Nos cabanes en bois vous offre confort et simplicit\u00e9 avec un espace de nuit et un espace de vie avec frigo, \u00e9vier et micro-onde. Vous aurez \u00e9galement acc\u00e8s aux sanitaires ainsi qu&#8217;\u00e0 la laverie. Pour une \u00e9tape ou des vacances plus longues, venez profiter d&#8217;un s\u00e9jour dans le calme et la nature au Camping Coeur d&#8217;Alsace.<\/p>\n\n\n\n<div class=\"wp-block-group cta\"><div class=\"wp-block-group__inner-container\">\n<div class=\"wp-block-buttons\">\n<div class=\"wp-block-button btn_resa\"><a class=\"wp-block-button__link has-primaire-background-color has-background\" style=\"border-radius:50px\"><i class=\"fc-campground\"><\/i> R\u00e9server une cabane<\/a><\/div>\n<\/div>\n<\/div><\/div>\n<\/div>\n<\/div>\n<\/div><\/div>\n","protected":false},"excerpt":{"rendered":"<p>Zur Fotogalerie Unsere Biwaks f\u00fcr Ihre Fahrradetappen Besuchen Sie die Region mit dem Fahrrad und suchen Sie eine Unterkunft, ohne Ihr Zelt mitschleppen zu m\u00fcssen? Die Biwaks auf dem Campingplatz Coeur d&#8217;Alsace sind genau das Richtige f\u00fcr Sie! Diese Unterk\u00fcnfte f\u00fcr maximal zwei Personen befinden sich auf der zentralen Insel unseres Teichs und bieten Ihnen [&hellip;]<\/p>\n","protected":false},"author":1,"featured_media":0,"parent":0,"menu_order":0,"comment_status":"closed","ping_status":"closed","template":"","meta":[],"_links":{"self":[{"href":"https:\/\/camping-coeur-alsace.fr\/de\/wp-json\/wp\/v2\/pages\/1340"}],"collection":[{"href":"https:\/\/camping-coeur-alsace.fr\/de\/wp-json\/wp\/v2\/pages"}],"about":[{"href":"https:\/\/camping-coeur-alsace.fr\/de\/wp-json\/wp\/v2\/types\/page"}],"author":[{"embeddable":true,"href":"https:\/\/camping-coeur-alsace.fr\/de\/wp-json\/wp\/v2\/users\/1"}],"replies":[{"embeddable":true,"href":"https:\/\/camping-coeur-alsace.fr\/de\/wp-json\/wp\/v2\/comments?post=1340"}],"version-history":[{"count":5,"href":"https:\/\/camping-coeur-alsace.fr\/de\/wp-json\/wp\/v2\/pages\/1340\/revisions"}],"predecessor-version":[{"id":2500,"href":"https:\/\/camping-coeur-alsace.fr\/de\/wp-json\/wp\/v2\/pages\/1340\/revisions\/2500"}],"wp:attachment":[{"href":"https:\/\/camping-coeur-alsace.fr\/de\/wp-json\/wp\/v2\/media?parent=1340"}],"curies":[{"name":"wp","href":"https:\/\/api.w.org\/{rel}","templated":true}]}}