{"id":1330,"date":"2021-11-25T11:42:30","date_gmt":"2021-11-25T10:42:30","guid":{"rendered":"https:\/\/camping-coeur-alsace.fr\/unsere-standorte\/"},"modified":"2022-12-14T11:52:49","modified_gmt":"2022-12-14T10:52:49","slug":"unsere-standorte","status":"publish","type":"page","link":"https:\/\/camping-coeur-alsace.fr\/de\/unsere-standorte\/","title":{"rendered":"Unsere Standorte"},"content":{"rendered":"\n<div class=\"wp-block-cover has-background-dim mask_inner_page\"><img class=\"wp-block-cover__image-background wp-image-568\" alt=\"\" src=\"https:\/\/camping-coeur-alsace.fr\/wp-content\/uploads\/2021\/10\/camping-etang-peche-en-alsace.jpg\" style=\"object-position:50% 63%\" data-object-fit=\"cover\" data-object-position=\"50% 63%\"\/><div class=\"wp-block-cover__inner-container\">\n<h1 class=\"has-text-align-center\">Campingpl\u00e4tze im Elsass<\/h1>\n<\/div><\/div>\n\n\n\n<div class=\"wp-block-columns T-60-c has-fond-background-color has-background\">\n<div class=\"wp-block-column images\" style=\"flex-basis:55%\">\n<figure class=\"wp-block-image size-large\"><img loading=\"lazy\" width=\"1024\" height=\"768\" src=\"https:\/\/camping-coeur-alsace.fr\/wp-content\/uploads\/2022\/12\/IMG_2446-1024x768.jpeg\" alt=\"\" class=\"wp-image-1997\" srcset=\"https:\/\/camping-coeur-alsace.fr\/wp-content\/uploads\/2022\/12\/IMG_2446-1024x768.jpeg 1024w, https:\/\/camping-coeur-alsace.fr\/wp-content\/uploads\/2022\/12\/IMG_2446-300x225.jpeg 300w, https:\/\/camping-coeur-alsace.fr\/wp-content\/uploads\/2022\/12\/IMG_2446-768x576.jpeg 768w, https:\/\/camping-coeur-alsace.fr\/wp-content\/uploads\/2022\/12\/IMG_2446-1536x1152.jpeg 1536w, https:\/\/camping-coeur-alsace.fr\/wp-content\/uploads\/2022\/12\/IMG_2446-2048x1536.jpeg 2048w\" sizes=\"(max-width: 1024px) 100vw, 1024px\" \/><\/figure>\n\n\n\n<figure class=\"wp-block-image size-large\"><img loading=\"lazy\" width=\"1024\" height=\"768\" src=\"https:\/\/camping-coeur-alsace.fr\/wp-content\/uploads\/2022\/12\/IMG_2446-1024x768.jpeg\" alt=\"\" class=\"wp-image-1997\" srcset=\"https:\/\/camping-coeur-alsace.fr\/wp-content\/uploads\/2022\/12\/IMG_2446-1024x768.jpeg 1024w, https:\/\/camping-coeur-alsace.fr\/wp-content\/uploads\/2022\/12\/IMG_2446-300x225.jpeg 300w, https:\/\/camping-coeur-alsace.fr\/wp-content\/uploads\/2022\/12\/IMG_2446-768x576.jpeg 768w, https:\/\/camping-coeur-alsace.fr\/wp-content\/uploads\/2022\/12\/IMG_2446-1536x1152.jpeg 1536w, https:\/\/camping-coeur-alsace.fr\/wp-content\/uploads\/2022\/12\/IMG_2446-2048x1536.jpeg 2048w\" sizes=\"(max-width: 1024px) 100vw, 1024px\" \/><\/figure>\n<\/div>\n\n\n\n<div class=\"wp-block-column is-vertically-aligned-bottom\">\n<h2 class=\"has-tertiaire-color has-text-color\">Stellpl\u00e4tze am Ufer eines Teichs<\/h2>\n\n\n\n<p class=\"has-typo-color has-text-color\">Der Charme des traditionellen Campings wird den Urlaubern keineswegs langweilig, sondern erfreut sich im Gegenteil neuer Beliebtheit: Mehr denn je besteht das Bed\u00fcrfnis, mit dem Alltag zu brechen, in der Sehnsucht nach Naturverbundenheit und der R\u00fcckkehr zur Einfachheit.<\/p>\n\n\n\n<div class=\"wp-block-group grid\"><div class=\"wp-block-group__inner-container\">\n<p class=\"has-typo-color has-text-color\">Ein Campingurlaub ist nicht nur preiswert und authentisch, sondern verspricht auch sch\u00f6ne Begegnungen und eine unvergleichliche Geselligkeit. Coeur d&#8217;Alsace, ein traditioneller Campingplatz im Elsass, l\u00e4dt Sie ein, Ihr Zelt oder Ihren Wohnwagen auf Stellpl\u00e4tzen inmitten der Natur aufzustellen. In einer privilegierten Lage, eingebettet zwischen dem Kanal der Houill\u00e8res de la Sarre und einem gro\u00dfen Weiher, empf\u00e4ngt der 2-Sterne-Campingplatz seine Urlauber, die die Natur und die Einfachheit lieben.  <\/p>\n\n\n\n<p class=\"has-typo-color has-text-color\">Das Anwesen ist eine gr\u00fcne Oase gegen\u00fcber dem kleinen Hafen von Harskirchen. Es ist \u00fcberschaubar, hat viele B\u00e4ume und ist gut erhalten. Man kommt hierher, um Ruhe und Sympathie zu finden. Hier nimmt man sich Zeit zu leben, zu fischen und zu flanieren, im beruhigenden Rhythmus der Natur.<\/p>\n\n\n\n<p><\/p>\n<\/div><\/div>\n\n\n\n<div class=\"wp-block-buttons cta\">\n<div class=\"wp-block-button btn_resa\"><a class=\"wp-block-button__link has-primaire-background-color has-background\" style=\"border-radius:50px\"> <i class=\"fc-campground\"><\/i> Einen Platz buchen <\/a><\/div>\n<\/div>\n<\/div>\n<\/div>\n\n\n\n<div class=\"wp-block-cover has-background-dim-90 has-fond-background-color has-background-dim T-20-c\"><img loading=\"lazy\" width=\"1920\" height=\"1280\" class=\"wp-block-cover__image-background wp-image-379\" alt=\"\" src=\"https:\/\/camping-coeur-alsace.fr\/wp-content\/uploads\/2021\/10\/IMG_0502.jpg\" data-object-fit=\"cover\" srcset=\"https:\/\/camping-coeur-alsace.fr\/wp-content\/uploads\/2021\/10\/IMG_0502.jpg 1920w, https:\/\/camping-coeur-alsace.fr\/wp-content\/uploads\/2021\/10\/IMG_0502-300x200.jpg 300w, https:\/\/camping-coeur-alsace.fr\/wp-content\/uploads\/2021\/10\/IMG_0502-1024x683.jpg 1024w, https:\/\/camping-coeur-alsace.fr\/wp-content\/uploads\/2021\/10\/IMG_0502-768x512.jpg 768w, https:\/\/camping-coeur-alsace.fr\/wp-content\/uploads\/2021\/10\/IMG_0502-1536x1024.jpg 1536w\" sizes=\"(max-width: 1920px) 100vw, 1920px\" \/><div class=\"wp-block-cover__inner-container\">\n<div class=\"wp-block-columns\">\n<div class=\"wp-block-column is-vertically-aligned-center\" style=\"flex-basis:50%\">\n<h2 class=\"has-tertiaire-color has-text-color\">Gr\u00fcne Stellpl\u00e4tze und  <br><span class=\"small\">mit allem Komfort im Herzen des Elsass<\/span><\/h2>\n\n\n\n<p class=\"has-typo-color has-text-color\">Wenn Sie wie wir der Meinung sind, dass Natur und Komfort die Schl\u00fcsselw\u00f6rter f\u00fcr einen gelungenen Urlaub sind, buchen Sie Ihren Stellplatz auf dem Campingplatz Coeur d&#8217;Alsace: Hier k\u00f6nnen Sie Ihr Wohnmobil f\u00fcr ein Wochenende abstellen, Ihr kleines Minizelt f\u00fcr eine Nacht oder Ihr gro\u00dfes Familienzelt f\u00fcr zwei Wochen aufschlagen und Ihren Wohnwagen f\u00fcr den ganzen Sommer aufstellen, wenn Sie Lust dazu haben. Neue Sanit\u00e4ranlagen sorgen daf\u00fcr, dass Sie sich im Alltag wohlf\u00fchlen. In einem Servicebereich f\u00fcr Wohnmobile k\u00f6nnen Sie Ihr Wohnmobil entleeren, Wasser tanken und alle notwendigen Wartungsarbeiten an Ihrem ausgebauten Van durchf\u00fchren. Auf unseren Stellpl\u00e4tzen mit Stromanschluss k\u00f6nnen Sie alle Ihre Komfortausstattungen nutzen, egal ob Sie mit einem Wohnmobil oder einem Wohnwagen \u00fcbernachten. Der Campingplatz ist ideal f\u00fcr Familien und bietet an der Rezeption einen kostenlosen WLAN-Zugang, damit Ihr Urlaub nicht v\u00f6llig offline ist! Und damit Sie niemanden vergessen, k\u00f6nnen Sie mit Ihrem angeleinten und geimpften Haustier \u00fcbernachten (die Kategorien 1 und 2 sind verboten).<\/p>\n<\/div>\n\n\n\n<div class=\"wp-block-column\" style=\"flex-basis:50%\">\n<figure class=\"wp-block-image size-large\"><img loading=\"lazy\" width=\"1024\" height=\"768\" src=\"https:\/\/camping-coeur-alsace.fr\/wp-content\/uploads\/2022\/12\/IMG_2109-1024x768.jpeg\" alt=\"\" class=\"wp-image-2001\" srcset=\"https:\/\/camping-coeur-alsace.fr\/wp-content\/uploads\/2022\/12\/IMG_2109-1024x768.jpeg 1024w, https:\/\/camping-coeur-alsace.fr\/wp-content\/uploads\/2022\/12\/IMG_2109-300x225.jpeg 300w, https:\/\/camping-coeur-alsace.fr\/wp-content\/uploads\/2022\/12\/IMG_2109-768x576.jpeg 768w, https:\/\/camping-coeur-alsace.fr\/wp-content\/uploads\/2022\/12\/IMG_2109-1536x1152.jpeg 1536w, https:\/\/camping-coeur-alsace.fr\/wp-content\/uploads\/2022\/12\/IMG_2109-2048x1536.jpeg 2048w\" sizes=\"(max-width: 1024px) 100vw, 1024px\" \/><\/figure>\n<\/div>\n<\/div>\n<\/div><\/div>\n","protected":false},"excerpt":{"rendered":"<p>Stellpl\u00e4tze am Ufer eines Teichs Der Charme des traditionellen Campings wird den Urlaubern keineswegs langweilig, sondern erfreut sich im Gegenteil neuer Beliebtheit: Mehr denn je besteht das Bed\u00fcrfnis, mit dem Alltag zu brechen, in der Sehnsucht nach Naturverbundenheit und der R\u00fcckkehr zur Einfachheit. Ein Campingurlaub ist nicht nur preiswert und authentisch, sondern verspricht auch sch\u00f6ne [&hellip;]<\/p>\n","protected":false},"author":1,"featured_media":0,"parent":0,"menu_order":0,"comment_status":"closed","ping_status":"closed","template":"","meta":[],"_links":{"self":[{"href":"https:\/\/camping-coeur-alsace.fr\/de\/wp-json\/wp\/v2\/pages\/1330"}],"collection":[{"href":"https:\/\/camping-coeur-alsace.fr\/de\/wp-json\/wp\/v2\/pages"}],"about":[{"href":"https:\/\/camping-coeur-alsace.fr\/de\/wp-json\/wp\/v2\/types\/page"}],"author":[{"embeddable":true,"href":"https:\/\/camping-coeur-alsace.fr\/de\/wp-json\/wp\/v2\/users\/1"}],"replies":[{"embeddable":true,"href":"https:\/\/camping-coeur-alsace.fr\/de\/wp-json\/wp\/v2\/comments?post=1330"}],"version-history":[{"count":4,"href":"https:\/\/camping-coeur-alsace.fr\/de\/wp-json\/wp\/v2\/pages\/1330\/revisions"}],"predecessor-version":[{"id":2060,"href":"https:\/\/camping-coeur-alsace.fr\/de\/wp-json\/wp\/v2\/pages\/1330\/revisions\/2060"}],"wp:attachment":[{"href":"https:\/\/camping-coeur-alsace.fr\/de\/wp-json\/wp\/v2\/media?parent=1330"}],"curies":[{"name":"wp","href":"https:\/\/api.w.org\/{rel}","templated":true}]}}