{"id":1292,"date":"2021-11-25T11:39:36","date_gmt":"2021-11-25T10:39:36","guid":{"rendered":"https:\/\/camping-coeur-alsace.fr\/aktivitaeten\/"},"modified":"2022-12-14T11:53:58","modified_gmt":"2022-12-14T10:53:58","slug":"aktivitaeten","status":"publish","type":"page","link":"https:\/\/camping-coeur-alsace.fr\/de\/aktivitaeten\/","title":{"rendered":"Aktivit\u00e4ten"},"content":{"rendered":"\n<div class=\"wp-block-cover has-background-dim mask_inner_page\"><img loading=\"lazy\" width=\"1920\" height=\"1280\" class=\"wp-block-cover__image-background wp-image-586\" alt=\"\" src=\"https:\/\/camping-coeur-alsace.fr\/wp-content\/uploads\/2021\/10\/aire-jeux-enfants-activites.jpg\" style=\"object-position:50% 80%\" data-object-fit=\"cover\" data-object-position=\"50% 80%\" srcset=\"https:\/\/camping-coeur-alsace.fr\/wp-content\/uploads\/2021\/10\/aire-jeux-enfants-activites.jpg 1920w, https:\/\/camping-coeur-alsace.fr\/wp-content\/uploads\/2021\/10\/aire-jeux-enfants-activites-300x200.jpg 300w, https:\/\/camping-coeur-alsace.fr\/wp-content\/uploads\/2021\/10\/aire-jeux-enfants-activites-1024x683.jpg 1024w, https:\/\/camping-coeur-alsace.fr\/wp-content\/uploads\/2021\/10\/aire-jeux-enfants-activites-768x512.jpg 768w, https:\/\/camping-coeur-alsace.fr\/wp-content\/uploads\/2021\/10\/aire-jeux-enfants-activites-1536x1024.jpg 1536w\" sizes=\"(max-width: 1920px) 100vw, 1920px\" \/><div class=\"wp-block-cover__inner-container\">\n<h1 class=\"has-text-align-center\">Aktivit\u00e4ten auf dem Campingplatz im Elsass<\/h1>\n<\/div><\/div>\n\n\n\n<div class=\"wp-block-columns T-60-b has-fond-background-color has-background\">\n<div class=\"wp-block-column is-vertically-aligned-bottom\">\n<h2 class=\"has-tertiaire-color has-text-color\">Radrouten im Elsass auf dem Campingplatz Coeur d&#8217;Alsace<\/h2>\n\n\n\n<p class=\"has-typo-color has-text-color\">Der EuroVelo 5 ist ein \u00fcber 3000 km langer Radweg durch Nordfrankreich. Nach einer Reise durch Belgien, Luxemburg und Deutschland kehrt er nach Frankreich zur\u00fcck und f\u00fchrt durch die Mosel und das Elsass. Diese Fahrradroute beginnt an der deutschen Grenze und f\u00fchrt entlang der Kan\u00e4le der Saar und der Marne au Rhin bis nach Stra\u00dfburg. Dieser europ\u00e4ische Knotenpunkt mit seinen vielen Sehensw\u00fcrdigkeiten ist f\u00fcr seine Gastronomie und seine Weine bekannt.<\/p>\n\n\n\n<p class=\"has-typo-color has-text-color\">Die Strecke f\u00fchrt Sie dann ins Herz der els\u00e4ssischen Weinberge, wobei Sie eine gemeinsame Route mit der V\u00e9loroute du Vignoble einschlagen. In den H\u00fcgeln gelegen, ist es eine sch\u00f6ne Flucht durch bl\u00fchende Landschaften, die sch\u00f6nsten D\u00f6rfer des Elsass und wird Sie auf den Geschmack bringen, die 50 Terroirs des Elsass Grand Cru &#8222;AOC&#8220; und die f\u00fcr diese Region einzigartige K\u00fcche zu entdecken.<\/p>\n<\/div>\n\n\n\n<div class=\"wp-block-column images\" style=\"flex-basis:55%\">\n<figure class=\"wp-block-image size-full\"><img loading=\"lazy\" width=\"900\" height=\"600\" src=\"https:\/\/camping-coeur-alsace.fr\/wp-content\/uploads\/2021\/10\/balade-velo-1.jpg\" alt=\"\" class=\"wp-image-745\" srcset=\"https:\/\/camping-coeur-alsace.fr\/wp-content\/uploads\/2021\/10\/balade-velo-1.jpg 900w, https:\/\/camping-coeur-alsace.fr\/wp-content\/uploads\/2021\/10\/balade-velo-1-300x200.jpg 300w, https:\/\/camping-coeur-alsace.fr\/wp-content\/uploads\/2021\/10\/balade-velo-1-768x512.jpg 768w\" sizes=\"(max-width: 900px) 100vw, 900px\" \/><\/figure>\n\n\n\n<figure class=\"wp-block-image size-full\"><img loading=\"lazy\" width=\"900\" height=\"600\" src=\"https:\/\/camping-coeur-alsace.fr\/wp-content\/uploads\/2021\/10\/balade-velo.jpg\" alt=\"\" class=\"wp-image-744\" srcset=\"https:\/\/camping-coeur-alsace.fr\/wp-content\/uploads\/2021\/10\/balade-velo.jpg 900w, https:\/\/camping-coeur-alsace.fr\/wp-content\/uploads\/2021\/10\/balade-velo-300x200.jpg 300w, https:\/\/camping-coeur-alsace.fr\/wp-content\/uploads\/2021\/10\/balade-velo-768x512.jpg 768w\" sizes=\"(max-width: 900px) 100vw, 900px\" \/><\/figure>\n<\/div>\n<\/div>\n\n\n\n<div class=\"wp-block-columns T-60-b has-fond-background-color has-background\">\n<div class=\"wp-block-column is-vertically-aligned-bottom\">\n<h2 class=\"has-text-align-center has-tertiaire-color has-text-color\"> Voller Naturaktivit\u00e4ten auf dem Campingplatz im Departement Bas-Rhin <\/h2>\n\n\n\n<div class=\"wp-block-columns\">\n<div class=\"wp-block-column\">\n<p class=\"has-typo-color has-text-color\">Der Campingplatz Coeur d&#8217;Alsace liegt im Departement Bas-Rhin am Ufer eines Kanals und ist mit seinem Angelteich ein ideales Ziel f\u00fcr Freizeitaktivit\u00e4ten im Freien.  <\/p>\n\n\n\n<p class=\"has-typo-color has-text-color\">Die unber\u00fchrte Umgebung l\u00e4dt zum Wandern und zu sch\u00f6nen Fahrradtouren ein. Die l\u00e4ndlichen Wege durchziehen die els\u00e4ssische Landschaft und eignen sich perfekt f\u00fcr einen sicheren Familienspaziergang. Der Treidelpfad f\u00fchrt bis zur Schleuse. Er kann mit dem Fahrrad, zu Fu\u00df, mit dem Roller, dem Segway oder mit Inline-Skates zur\u00fcckgelegt werden, was vor allem den J\u00fcngsten Freude bereitet.<\/p>\n<\/div>\n\n\n\n<div class=\"wp-block-column\">\n<p class=\"has-typo-color has-text-color\">Der Campingplatz Coeur d&#8217;Alsace ist eine wahre Oase des Friedens und bietet einen erholsamen Rahmen, in dem Sie sich einfach nur ausruhen und die frische Luft genie\u00dfen k\u00f6nnen, z. B. bei einem Picknick am See, einem Spaziergang am Ufer, einem Vormittag mit Angelkurs, einer Siesta im Liegestuhl oder einem geselligen Grillabend. Gegen\u00fcber dem Campingplatz befindet sich der kleine Hafen von Harskirchen, der Ausgangspunkt f\u00fcr Wassersportaktivit\u00e4ten und Wanderungen auf dem Kanal mit Schleusenpassagen ist.<\/p>\n<\/div>\n<\/div>\n<\/div>\n<\/div>\n\n\n\n<div class=\"wp-block-group T-25-a has-tertiaire-background-color has-background\"><div class=\"wp-block-group__inner-container\">\n<div class=\"wp-block-group item_activite\"><div class=\"wp-block-group__inner-container\"><i class=\"fc-fish\"><\/i>\n\n\n\n<p class=\"has-blanc-color has-text-color\"><strong>Angel-Ecke<\/strong><\/p>\n<\/div><\/div>\n\n\n\n<div class=\"wp-block-group item_activite\"><div class=\"wp-block-group__inner-container\"><i class=\"fc-child\"><\/i>\n\n\n\n<p class=\"has-blanc-color has-text-color\"><strong>Spielplatz<\/strong><\/p>\n<\/div><\/div>\n\n\n\n<div class=\"wp-block-group item_activite\"><div class=\"wp-block-group__inner-container\"><i class=\"fc-volleyball\"><\/i>\n\n\n\n<p class=\"has-blanc-color has-text-color\"><strong>Volleyballfeld<\/strong><\/p>\n<\/div><\/div>\n\n\n\n<div class=\"wp-block-group item_activite\"><div class=\"wp-block-group__inner-container\"><i class=\"fc-futbol\"><\/i>\n\n\n\n<p class=\"has-blanc-color has-text-color\"><strong>Fu\u00dfballplatz<\/strong><\/p>\n<\/div><\/div>\n\n\n\n<div class=\"wp-block-group item_activite\"><div class=\"wp-block-group__inner-container\"><i class=\"fc-water\"><\/i>\n\n\n\n<p class=\"has-blanc-color has-text-color\"><strong>Badebereich<\/strong><\/p>\n<\/div><\/div>\n<\/div><\/div>\n\n\n\n<div class=\"wp-block-columns T-65-a has-fond-background-color has-background\" id=\"region\">\n<div class=\"wp-block-column\" style=\"flex-basis:56%\">\n<h2 class=\"has-tertiaire-color has-text-color\">Familiencampingplatz <span class=\"small\">mit Aktivit\u00e4ten f\u00fcr alle<\/span><\/h2>\n\n\n\n<p class=\"has-typo-color has-text-color\">Am Rande des Dorfes bietet der Familiencampingplatz am Wasser Coeur d&#8217;Alsace einfache und abwechslungsreiche Freizeitm\u00f6glichkeiten f\u00fcr Urlauber jeden Alters. F\u00fcr die Kinder gibt es einen Spielplatz, auf dem sie sich gerne schon am Morgen oder nach den Aktivit\u00e4ten des Tages treffen. Die \u00fcberschaubare Gr\u00f6\u00dfe des Campingplatzes ist ideal f\u00fcr j\u00fcngere Kinder, die schnell Freunde finden. Auf dem unumg\u00e4nglichen Bouleplatz treffen sich Urlauber aller Altersgruppen zu geselligen Partien oder improvisierten Turnieren. Sportbegeisterte werden die Sportpl\u00e4tze zu sch\u00e4tzen wissen, die sich nur wenige Schritte von den Stellpl\u00e4tzen und Lodge-Zelten entfernt befinden und auf denen Fu\u00dfball und Volleyball gespielt werden kann. Vergessen Sie Ihre Schl\u00e4ger nicht, denn es stehen auch zwei Tennispl\u00e4tze zur Verf\u00fcgung! Zwischen Sport, Angeln, Spazierg\u00e4ngen und Aperitifs mit den Feriennachbarn wird Ihr Aufenthalt im Elsass an der frischen Luft und in guter Stimmung stattfinden!<\/p>\n\n\n\n<div class=\"wp-block-columns bloc-pictos\">\n<div class=\"wp-block-column\"><i class=\"fc-glass-cheers\"><\/i>\n\n\n\n<p class=\"has-typo-color has-text-color\"><strong>Geselligkeit<\/strong><\/p>\n<\/div>\n\n\n\n<div class=\"wp-block-column\"><i class=\"fc-racquet\"><\/i>\n\n\n\n<p class=\"has-typo-color has-text-color\"><strong>Tennis<\/strong><\/p>\n<\/div>\n\n\n\n<div class=\"wp-block-column\"><i class=\"fc-hiking\"><\/i>\n\n\n\n<p class=\"has-typo-color has-text-color\"><strong>Wanderung<\/strong><\/p>\n<\/div>\n<\/div>\n\n\n\n<div class=\"wp-block-columns bloc-pictos\">\n<div class=\"wp-block-column\"><i class=\"fc-bicycle\"><\/i>\n\n\n\n<p class=\"has-typo-color has-text-color\"><strong>Fahrradtour<\/strong><\/p>\n<\/div>\n\n\n\n<div class=\"wp-block-column\"><i class=\"fc-trophy\"><\/i>\n\n\n\n<p class=\"has-typo-color has-text-color\"><strong>Sportturniere<\/strong><\/p>\n<\/div>\n\n\n\n<div class=\"wp-block-column\"><i class=\"fc-water\"><\/i>\n\n\n\n<p class=\"has-typo-color has-text-color\"><strong>Wassersportliche Aktivit\u00e4ten<\/strong><\/p>\n<\/div>\n<\/div>\n\n\n\n<blockquote class=\"wp-block-quote\"><p>Nur wenige Schritte von der deutschen Grenze entfernt und auf halbem Weg zwischen Stra\u00dfburg, Metz und Nancy gelegen, ist der Campingplatz Coeur Alsace auch ideal gelegen, um die gro\u00dfen St\u00e4dte Ostfrankreichs und ihre Sch\u00e4tze zu entdecken.<\/p><\/blockquote>\n\n\n\n<p class=\"has-tertiaire-color has-text-color\"><strong><a href=\"https:\/\/camping-coeur-alsace.fr\/de\/tourismus\/\" data-type=\"page\" data-id=\"340\"> <\/a><a href=\"https:\/\/camping-coeur-alsace.fr\/de\/tourismus\/\" data-type=\"page\" data-id=\"340\"><strong>Die Umgebung entdecken<\/strong> <i class=\"fc-arrow-right\"><\/i> <\/a> <\/strong><\/p>\n<\/div>\n\n\n\n<div class=\"wp-block-column images\">\n<figure class=\"wp-block-image size-full\"><img loading=\"lazy\" width=\"900\" height=\"600\" src=\"https:\/\/camping-coeur-alsace.fr\/wp-content\/uploads\/2021\/10\/balancoire-1.jpg\" alt=\"\" class=\"wp-image-742\" srcset=\"https:\/\/camping-coeur-alsace.fr\/wp-content\/uploads\/2021\/10\/balancoire-1.jpg 900w, https:\/\/camping-coeur-alsace.fr\/wp-content\/uploads\/2021\/10\/balancoire-1-300x200.jpg 300w, https:\/\/camping-coeur-alsace.fr\/wp-content\/uploads\/2021\/10\/balancoire-1-768x512.jpg 768w\" sizes=\"(max-width: 900px) 100vw, 900px\" \/><\/figure>\n\n\n\n<div class=\"wp-block-columns\">\n<div class=\"wp-block-column\">\n<figure class=\"wp-block-image size-full\"><img loading=\"lazy\" width=\"900\" height=\"600\" src=\"https:\/\/camping-coeur-alsace.fr\/wp-content\/uploads\/2021\/10\/randonnee.jpg\" alt=\"\" class=\"wp-image-738\" srcset=\"https:\/\/camping-coeur-alsace.fr\/wp-content\/uploads\/2021\/10\/randonnee.jpg 900w, https:\/\/camping-coeur-alsace.fr\/wp-content\/uploads\/2021\/10\/randonnee-300x200.jpg 300w, https:\/\/camping-coeur-alsace.fr\/wp-content\/uploads\/2021\/10\/randonnee-768x512.jpg 768w\" sizes=\"(max-width: 900px) 100vw, 900px\" \/><\/figure>\n<\/div>\n\n\n\n<div class=\"wp-block-column\">\n<figure class=\"wp-block-image size-large\"><img loading=\"lazy\" width=\"1024\" height=\"768\" src=\"https:\/\/camping-coeur-alsace.fr\/wp-content\/uploads\/2022\/12\/IMG_2539-1024x768.jpeg\" alt=\"\" class=\"wp-image-2005\" srcset=\"https:\/\/camping-coeur-alsace.fr\/wp-content\/uploads\/2022\/12\/IMG_2539-1024x768.jpeg 1024w, https:\/\/camping-coeur-alsace.fr\/wp-content\/uploads\/2022\/12\/IMG_2539-300x225.jpeg 300w, https:\/\/camping-coeur-alsace.fr\/wp-content\/uploads\/2022\/12\/IMG_2539-768x576.jpeg 768w, https:\/\/camping-coeur-alsace.fr\/wp-content\/uploads\/2022\/12\/IMG_2539-1536x1152.jpeg 1536w, https:\/\/camping-coeur-alsace.fr\/wp-content\/uploads\/2022\/12\/IMG_2539-2048x1536.jpeg 2048w\" sizes=\"(max-width: 1024px) 100vw, 1024px\" \/><\/figure>\n\n\n\n<p class=\"go_to_gal has-tertiaire-color has-text-color\"><strong><a href=\"https:\/\/camping-coeur-alsace.fr\/de\/fotogalerie\/\" data-type=\"page\" data-id=\"484\"><i class=\"fc-camera-retro\"><\/i>  Zur Fotogalerie<\/a><\/strong><\/p>\n<\/div>\n<\/div>\n<\/div>\n<\/div>\n","protected":false},"excerpt":{"rendered":"<p>Radrouten im Elsass auf dem Campingplatz Coeur d&#8217;Alsace Der EuroVelo 5 ist ein \u00fcber 3000 km langer Radweg durch Nordfrankreich. Nach einer Reise durch Belgien, Luxemburg und Deutschland kehrt er nach Frankreich zur\u00fcck und f\u00fchrt durch die Mosel und das Elsass. Diese Fahrradroute beginnt an der deutschen Grenze und f\u00fchrt entlang der Kan\u00e4le der Saar [&hellip;]<\/p>\n","protected":false},"author":1,"featured_media":0,"parent":0,"menu_order":0,"comment_status":"closed","ping_status":"closed","template":"","meta":[],"_links":{"self":[{"href":"https:\/\/camping-coeur-alsace.fr\/de\/wp-json\/wp\/v2\/pages\/1292"}],"collection":[{"href":"https:\/\/camping-coeur-alsace.fr\/de\/wp-json\/wp\/v2\/pages"}],"about":[{"href":"https:\/\/camping-coeur-alsace.fr\/de\/wp-json\/wp\/v2\/types\/page"}],"author":[{"embeddable":true,"href":"https:\/\/camping-coeur-alsace.fr\/de\/wp-json\/wp\/v2\/users\/1"}],"replies":[{"embeddable":true,"href":"https:\/\/camping-coeur-alsace.fr\/de\/wp-json\/wp\/v2\/comments?post=1292"}],"version-history":[{"count":6,"href":"https:\/\/camping-coeur-alsace.fr\/de\/wp-json\/wp\/v2\/pages\/1292\/revisions"}],"predecessor-version":[{"id":2062,"href":"https:\/\/camping-coeur-alsace.fr\/de\/wp-json\/wp\/v2\/pages\/1292\/revisions\/2062"}],"wp:attachment":[{"href":"https:\/\/camping-coeur-alsace.fr\/de\/wp-json\/wp\/v2\/media?parent=1292"}],"curies":[{"name":"wp","href":"https:\/\/api.w.org\/{rel}","templated":true}]}}