{"id":1286,"date":"2021-11-25T11:39:09","date_gmt":"2021-11-25T10:39:09","guid":{"rendered":"https:\/\/camping-coeur-alsace.fr\/startseite\/"},"modified":"2025-11-24T10:06:46","modified_gmt":"2025-11-24T09:06:46","slug":"startseite","status":"publish","type":"page","link":"https:\/\/camping-coeur-alsace.fr\/de\/","title":{"rendered":"Startseite"},"content":{"rendered":"\n<div class=\"wp-block-group T-50-c\"><div class=\"wp-block-group__inner-container\">\n<div class=\"wp-block-cover\" style=\"min-height:800px\"><img loading=\"lazy\" width=\"1920\" height=\"1280\" class=\"wp-block-cover__image-background wp-image-361\" alt=\"\" src=\"https:\/\/camping-coeur-alsace.fr\/wp-content\/uploads\/2021\/10\/camping-lac.jpg\" data-object-fit=\"cover\" srcset=\"https:\/\/camping-coeur-alsace.fr\/wp-content\/uploads\/2021\/10\/camping-lac.jpg 1920w, https:\/\/camping-coeur-alsace.fr\/wp-content\/uploads\/2021\/10\/camping-lac-300x200.jpg 300w, https:\/\/camping-coeur-alsace.fr\/wp-content\/uploads\/2021\/10\/camping-lac-1024x683.jpg 1024w, https:\/\/camping-coeur-alsace.fr\/wp-content\/uploads\/2021\/10\/camping-lac-768x512.jpg 768w, https:\/\/camping-coeur-alsace.fr\/wp-content\/uploads\/2021\/10\/camping-lac-1536x1024.jpg 1536w\" sizes=\"(max-width: 1920px) 100vw, 1920px\" \/><div class=\"wp-block-cover__inner-container\">\n<div class=\"wp-block-group boxage\"><div class=\"wp-block-group__inner-container\">\n<div class=\"wp-block-columns are-vertically-aligned-bottom\">\n<div class=\"wp-block-column is-vertically-aligned-bottom\">\n<h1>Willkommen auf dem Campingplatz <br><span class=\"small\">Coeur d&#8217;Alsace (Herz des Elsass)  <\/span> <span class=\"small\"><i class=\"fc-star\"><\/i> <i class=\"fc-star\"><\/i><\/span> <\/h1>\n\n\n\n<div class=\"wp-block-columns wrp_picto\">\n<div class=\"wp-block-column\"><i class=\"fc-trees\"><\/i>\n\n\n\n<p class=\"has-text-align-center\">Nat\u00fcrlicher Rahmen<\/p>\n<\/div>\n\n\n\n<div class=\"wp-block-column\"><i class=\"fc-home\"><\/i>\n\n\n\n<p class=\"has-text-align-center\">Ruhe und Entspannung<\/p>\n<\/div>\n\n\n\n<div class=\"wp-block-column\"><i class=\"fc-fish\"><\/i>\n\n\n\n<p class=\"has-text-align-center\">Ort des Fischfangs<\/p>\n<\/div>\n\n\n\n<div class=\"wp-block-column\"><i class=\"fc-water\"><\/i>\n\n\n\n<p class=\"has-text-align-center\">Ort zum Baden<\/p>\n<\/div>\n<\/div>\n<\/div>\n\n\n\n<div class=\"wp-block-column is-vertically-aligned-bottom\">\n<div class=\"wp-block-buttons alignfull\">\n<div class=\"wp-block-button has-custom-width wp-block-button__width-100 has-custom-font-size is-style-fill has-medium-font-size\"><a class=\"wp-block-button__link has-blanc-color has-primaire-background-color has-text-color has-background\" href=\"https:\/\/camping-coeur-alsace.fr\/wp-content\/uploads\/2025\/11\/tarif-camping-2026-2.pdf\" style=\"border-radius:50px\" target=\"_blank\" rel=\"noreferrer noopener\"><i class=\"fc-campground\"><\/i> Siehe Preise<\/a><\/div>\n<\/div>\n<\/div>\n<\/div>\n<\/div><\/div>\n<\/div><\/div>\n<\/div><\/div>\n\n\n\n<div class=\"wp-block-group btnCTA cta\"><div class=\"wp-block-group__inner-container\">\n<div class=\"wp-block-buttons is-content-justification-center btn_resa\">\n<div class=\"wp-block-button\"><a class=\"wp-block-button__link\"> <i class=\"fc-campground\"><\/i>  Buchen Sie ein Mietobjekt oder einen Stellplatz!<\/a><\/div>\n<\/div>\n<\/div><\/div>\n\n\n\n<div class=\"wp-block-cover has-background-dim-100 has-fond-background-color has-background-dim T-20-b\" id=\"camping\"><img loading=\"lazy\" width=\"1920\" height=\"1280\" class=\"wp-block-cover__image-background wp-image-379\" alt=\"\" src=\"https:\/\/camping-coeur-alsace.fr\/wp-content\/uploads\/2021\/10\/IMG_0502.jpg\" data-object-fit=\"cover\" srcset=\"https:\/\/camping-coeur-alsace.fr\/wp-content\/uploads\/2021\/10\/IMG_0502.jpg 1920w, https:\/\/camping-coeur-alsace.fr\/wp-content\/uploads\/2021\/10\/IMG_0502-300x200.jpg 300w, https:\/\/camping-coeur-alsace.fr\/wp-content\/uploads\/2021\/10\/IMG_0502-1024x683.jpg 1024w, https:\/\/camping-coeur-alsace.fr\/wp-content\/uploads\/2021\/10\/IMG_0502-768x512.jpg 768w, https:\/\/camping-coeur-alsace.fr\/wp-content\/uploads\/2021\/10\/IMG_0502-1536x1024.jpg 1536w\" sizes=\"(max-width: 1920px) 100vw, 1920px\" \/><div class=\"wp-block-cover__inner-container\">\n<div class=\"wp-block-columns\">\n<div class=\"wp-block-column is-vertically-aligned-center\">\n<div class=\"wp-block-group encart\"><div class=\"wp-block-group__inner-container\">\n<p class=\"has-text-align-center sous-titre has-secondaire-color has-text-color has-medium-font-size\"><i class=\"fc-bicycle\"><\/i> EuroV\u00e9lo 5 &#8211; Camping Etappe<\/p>\n\n\n\n<p class=\"has-text-align-center has-typo-color has-text-color\">Radfahrer, Wanderer oder Reisende &#8211; unser Campingplatz hei\u00dft Sie bei Ihren Zwischenstopps willkommen!<br><a href=\"https:\/\/camping-coeur-alsace.fr\/de\/unsere-vermietungen\/\">Entdecken Sie unsere Biwak-Zelte<\/a><\/p>\n<\/div><\/div>\n\n\n\n<div style=\"height:16px\" aria-hidden=\"true\" class=\"wp-block-spacer\"><\/div>\n\n\n\n<h2 class=\"has-tertiaire-color has-text-color\">Familiencampingplatz<br><span class=\"small\">&amp; Natur im Herzen des Elsass<\/span><\/h2>\n\n\n\n<p class=\"has-typo-color has-text-color\">Der 2-Sterne-Campingplatz Coeur d&#8217;Alsace empf\u00e4ngt Sie mitten im Herzen des Elsass (Alsace Bossue): Zwischen dem regionalen Naturpark der Nordvogesen und der deutschen Grenze gelegen, l\u00e4dt der Campingplatz Coeur d&#8217;Alsace dazu ein, in einer privilegierten Umgebung am Ufer des Saarkanals der Houill\u00e8res de la Sarre neue Energie zu tanken. Hier werden Sie einen ruhigen und gr\u00fcnen Aufenthalt in der N\u00e4he der sch\u00f6nsten Sehensw\u00fcrdigkeiten des Elsass verbringen. Der Campingplatz Coeur Alsace ist ideal als Etappen-Campingplatz w\u00e4hrend Ihrer Radtour, aber auch als Fu\u00dfnote im Elsass f\u00fcr einen ein- oder zweiw\u00f6chigen Familienurlaub. Er wird wegen seiner herzlichen Atmosph\u00e4re, seiner \u00fcberschaubaren Gr\u00f6\u00dfe und seiner Ruhe gesch\u00e4tzt. Auch Angelfreunde kommen hierher, um den Teich auf dem Gel\u00e4nde zu nutzen. Der Campingplatz Coeur d&#8217;Alsace ist das ideale Reiseziel f\u00fcr Nostalgiker, die sich nach dem traditionellen Camping sehnen.  <\/p>\n\n\n\n<p><\/p>\n<\/div>\n\n\n\n<div class=\"wp-block-column is-vertically-aligned-center\" style=\"flex-basis:60%\">\n<figure class=\"wp-block-image size-full\"><img loading=\"lazy\" width=\"900\" height=\"506\" src=\"https:\/\/camping-coeur-alsace.fr\/wp-content\/uploads\/2021\/10\/camping-locations-1-edited.jpg\" alt=\"\" class=\"wp-image-388\" srcset=\"https:\/\/camping-coeur-alsace.fr\/wp-content\/uploads\/2021\/10\/camping-locations-1-edited.jpg 900w, https:\/\/camping-coeur-alsace.fr\/wp-content\/uploads\/2021\/10\/camping-locations-1-edited-300x169.jpg 300w, https:\/\/camping-coeur-alsace.fr\/wp-content\/uploads\/2021\/10\/camping-locations-1-edited-768x432.jpg 768w\" sizes=\"(max-width: 900px) 100vw, 900px\" \/><\/figure>\n<\/div>\n<\/div>\n<\/div><\/div>\n\n\n\n<div class=\"wp-block-group T-60-a has-fond-background-color has-background\"><div class=\"wp-block-group__inner-container\">\n<div class=\"wp-block-columns\">\n<div class=\"wp-block-column col_left\">\n<figure class=\"wp-block-image size-large\"><img loading=\"lazy\" width=\"1024\" height=\"768\" src=\"https:\/\/camping-coeur-alsace.fr\/wp-content\/uploads\/2022\/12\/IMG_1892-1024x768.jpeg\" alt=\"\" class=\"wp-image-1983\" srcset=\"https:\/\/camping-coeur-alsace.fr\/wp-content\/uploads\/2022\/12\/IMG_1892-1024x768.jpeg 1024w, https:\/\/camping-coeur-alsace.fr\/wp-content\/uploads\/2022\/12\/IMG_1892-300x225.jpeg 300w, https:\/\/camping-coeur-alsace.fr\/wp-content\/uploads\/2022\/12\/IMG_1892-768x576.jpeg 768w, https:\/\/camping-coeur-alsace.fr\/wp-content\/uploads\/2022\/12\/IMG_1892-1536x1152.jpeg 1536w, https:\/\/camping-coeur-alsace.fr\/wp-content\/uploads\/2022\/12\/IMG_1892-2048x1536.jpeg 2048w\" sizes=\"(max-width: 1024px) 100vw, 1024px\" \/><\/figure>\n\n\n\n<figure class=\"wp-block-image size-full\"><img src=\"https:\/\/camping-coeur-alsace.fr\/wp-content\/uploads\/2021\/10\/locations-mobilome-alsace-1.jpg\" alt=\"\" class=\"wp-image-487\"\/><\/figure>\n\n\n\n<p class=\"go_to_gal has-tertiaire-color has-text-color\"><strong><a href=\"https:\/\/camping-coeur-alsace.fr\/de\/fotogalerie\/\" data-type=\"page\" data-id=\"484\"><i class=\"fc-camera-retro\"><\/i>  Zur Fotogalerie<\/a><\/strong><\/p>\n<\/div>\n\n\n\n<div class=\"wp-block-column\" style=\"flex-basis:70%\">\n<h2 class=\"has-tertiaire-color has-text-color\">Unterk\u00fcnfte und Stellpl\u00e4tze im Elsass<br><span class=\"small\">f\u00fcr Ihren Urlaub im Gr\u00fcnen<\/span><\/h2>\n\n\n\n<div class=\"wp-block-group grid\"><div class=\"wp-block-group__inner-container\">\n<p class=\"has-typo-color has-text-color\">Sie lieben es, so naturnah wie m\u00f6glich zu wohnen, Ihr Wohnmobil in einer ruhigen und gr\u00fcnen Umgebung anzuhalten, Ihr Zelt auf einem charmanten Stellplatz aufzuschlagen und von Vogelgezwitscher geweckt zu werden? Das bietet Ihnen Coeur d&#8217;Alsace, ein traditioneller Campingplatz im Departement Bas-Rhin und ein Paradies f\u00fcr Liebhaber von Ferien im Gr\u00fcnen. Der 2-Sterne-Campingplatz bietet Ihnen einen authentischen, erholsamen und preiswerten Aufenthalt im Elsass.  <\/p>\n\n\n\n<p class=\"has-typo-color has-text-color\">Mit dem Wohnwagen, dem Zelt oder dem Wohnmobil k\u00f6nnen Sie auf einem Stellplatz zwischen Kanal und Teich Platz nehmen und die freie Natur in vollen Z\u00fcgen genie\u00dfen. Suchen Sie eine Ferienunterk\u00fcnfte in Alsace? Der Campingplatz bietet Ihnen auch untypische Unterk\u00fcnfte: Lodge-Zelte, die sehr offen zur Natur sind und Ihnen den Komfort bieten, der f\u00fcr einen Aufenthalt auf einem traditionellen Campingplatz unerl\u00e4sslich ist.<\/p>\n<\/div><\/div>\n\n\n\n<div class=\"wp-block-group\"><div class=\"wp-block-group__inner-container\">\n<p class=\"has-typo-color has-text-color\">Hier finden Urlauber aus allen Regionen ein Dorf im Dorf, in dem sie sich w\u00e4hrend ihres wohlverdienten Urlaubs im Wohnmobil, Zelt oder Wohnwagen oder im einfachen und ungew\u00f6hnlichen Charme einer kleinen Zeltlodge entspannen und erholen k\u00f6nnen.<\/p>\n\n\n\n<div class=\"wp-block-group cta\"><div class=\"wp-block-group__inner-container\">\n<p class=\"has-typo-color has-text-color\"><a href=\"https:\/\/camping-coeur-alsace.fr\/de\/unsere-vermietungen\/\" data-type=\"page\" data-id=\"332\">Mehr \u00fcber das Mieten  <i class=\"fc-arrow-right\"><\/i> <\/a><\/p>\n\n\n\n<div class=\"wp-block-buttons\">\n<div class=\"wp-block-button btn_resa\"><a class=\"wp-block-button__link has-primaire-background-color has-background\" style=\"border-radius:50px\"><strong><i class=\"fc-campground\"><\/i>  Einen Platz buchen<\/strong><\/a><\/div>\n<\/div>\n<\/div><\/div>\n<\/div><\/div>\n<\/div>\n<\/div>\n<\/div><\/div>\n\n\n\n<div class=\"wp-block-group alignfull T_services has-fond-snd-background-color has-background\"><div class=\"wp-block-group__inner-container\">\n<h2 class=\"has-text-align-center has-tertiaire-color has-text-color\">Aktivit\u00e4ten &amp; Dienstleistungen<\/h2>\n\n\n\n<div class=\"wp-block-group liste_services\"><div class=\"wp-block-group__inner-container\">\n<div class=\"wp-block-group item_service shadow\"><div class=\"wp-block-group__inner-container\"><i class=\"fc-bicycle\"><\/i>\n\n\n\n<p><strong>Fahrr\u00e4der sind willkommen<\/strong><\/p>\n\n\n\n<p class=\"has-typo-color has-text-color\">Verf\u00fcge \u00fcber ruhige Pl\u00e4tze, Elektrizit\u00e4t und eine K\u00fcche w\u00e4hrend deiner Etappe!<\/p>\n<\/div><\/div>\n\n\n\n<div class=\"wp-block-group item_service\"><div class=\"wp-block-group__inner-container\"><i class=\"fc-calendar\"><\/i>\n\n\n\n<p><strong>Empfangszeiten<\/strong><\/p>\n\n\n\n<p>Nebensaison: 9:00-12:00 Uhr, 15:00-17:00 Uhr<br>Hochsaison: 8:00-12:00 Uhr, 15:00-18:00 Uhr<\/p>\n<\/div><\/div>\n\n\n\n<div class=\"wp-block-group item_service shadow\"><div class=\"wp-block-group__inner-container\"><i class=\"fc-calendar\"><\/i>\n\n\n\n<p><strong>Zeitplan f\u00fcr die Ankunft<\/strong><\/p>\n\n\n\n<p class=\"has-typo-color has-text-color\">Ankunftszeiten von 15:00 bis 20:00 Uhr<\/p>\n<\/div><\/div>\n\n\n\n<div class=\"wp-block-group item_service\"><div class=\"wp-block-group__inner-container\"><i class=\"fc-snack\"><\/i>\n\n\n\n<p><strong>Imbiss (Ge\u00f6ffnet vom 26. April bis +\/-15. September 2024)<\/strong><\/p>\n\n\n\n<p class=\"has-typo-color has-text-color\">Treffen Sie sich mit Freunden und Familie zu einem guten Essen, zug\u00e4nglich f\u00fcr Personen mit eingeschr\u00e4nkter Mobilit\u00e4t<\/p>\n<\/div><\/div>\n\n\n\n<div class=\"wp-block-group item_service\"><div class=\"wp-block-group__inner-container\"><i class=\"fc-dryer\"><\/i>\n\n\n\n<p><strong>W\u00e4scherei<\/strong><\/p>\n\n\n\n<p class=\"has-typo-color has-text-color\">Waschmaschine und Trockner zur Verf\u00fcgung, PMR zug\u00e4nglich<\/p>\n<\/div><\/div>\n\n\n\n<div class=\"wp-block-group item_service shadow\"><div class=\"wp-block-group__inner-container\"><i class=\"fc-toilet\"><\/i>\n\n\n\n<p><strong>Sanit\u00e4re Einrichtungen<\/strong><\/p>\n\n\n\n<p class=\"has-typo-color has-text-color\">Neue und t\u00e4glich gewartete Sanit\u00e4ranlagen mit einer Kabine, die f\u00fcr PMR zug\u00e4nglich ist<\/p>\n<\/div><\/div>\n\n\n\n<div class=\"wp-block-group item_service\"><div class=\"wp-block-group__inner-container\"><i class=\"fc-wifi\"><\/i>\n\n\n\n<p><strong>Kostenloses WLAN an der Rezeption<\/strong><\/p>\n\n\n\n<p class=\"has-typo-color has-text-color\">Bleiben Sie auch im Urlaub in Verbindung<\/p>\n<\/div><\/div>\n\n\n\n<div class=\"wp-block-group item_service shadow\"><div class=\"wp-block-group__inner-container\"><i class=\"fc-fish\"><\/i>\n\n\n\n<p><strong>Angel-Ecke<\/strong><\/p>\n\n\n\n<p class=\"has-typo-color has-text-color\">Nutzen Sie unseren Teich, um mit Freunden oder der Familie zu angeln.<\/p>\n<\/div><\/div>\n\n\n\n<div class=\"wp-block-group item_service shadow\"><div class=\"wp-block-group__inner-container\"><i class=\"fc-child\"><\/i>\n\n\n\n<p><strong>Spielplatz<\/strong><\/p>\n\n\n\n<p class=\"has-typo-color has-text-color\">Kinder werden diesen von Gr\u00fcn umgebenen Spielplatz genie\u00dfen.<\/p>\n<\/div><\/div>\n\n\n\n<div class=\"wp-block-group item_service\"><div class=\"wp-block-group__inner-container\"><i class=\"fc-volleyball\"><\/i>\n\n\n\n<p><strong>Terrain de volley<\/strong><\/p>\n\n\n\n<p class=\"has-typo-color has-text-color\">Land in der N\u00e4he der Stellpl\u00e4tze<\/p>\n<\/div><\/div>\n\n\n\n<div class=\"wp-block-group item_service shadow\"><div class=\"wp-block-group__inner-container\"><i class=\"fc-trees\"><\/i>\n\n\n\n<p><strong>Nachhaltige Entwicklung<\/strong><\/p>\n\n\n\n<p class=\"has-typo-color has-text-color\">Fahrrad-Label zur Aufwertung des Angebots f\u00fcr langsame Mobilit\u00e4t, M\u00fclltrennung, vern\u00fcnftiges M\u00e4hen, Wassersparvorrichtungen<\/p>\n<\/div><\/div>\n\n\n\n<div class=\"wp-block-group item_service\"><div class=\"wp-block-group__inner-container\"><i class=\"fc-child\"><\/i>\n\n\n\n<p><strong>Vermietung<\/strong><\/p>\n\n\n\n<p class=\"has-typo-color has-text-color\">Grill, Babyset, Bettw\u00e4sche und Handt\u00fccher<\/p>\n<\/div><\/div>\n<\/div><\/div>\n<\/div><\/div>\n\n\n\n<div class=\"wp-block-cover has-background-dim-80 has-background-dim has-background-gradient T-50-b\" id=\"home\"><span aria-hidden=\"true\" class=\"wp-block-cover__gradient-background\" style=\"background:linear-gradient(170deg,rgb(31,66,61) 0%,rgba(31,66,61,0) 100%)\"><\/span><img loading=\"lazy\" width=\"1920\" height=\"1280\" class=\"wp-block-cover__image-background wp-image-450\" alt=\"\" src=\"https:\/\/camping-coeur-alsace.fr\/wp-content\/uploads\/2021\/10\/IMG_0477.jpg\" data-object-fit=\"cover\" srcset=\"https:\/\/camping-coeur-alsace.fr\/wp-content\/uploads\/2021\/10\/IMG_0477.jpg 1920w, https:\/\/camping-coeur-alsace.fr\/wp-content\/uploads\/2021\/10\/IMG_0477-300x200.jpg 300w, https:\/\/camping-coeur-alsace.fr\/wp-content\/uploads\/2021\/10\/IMG_0477-1024x683.jpg 1024w, https:\/\/camping-coeur-alsace.fr\/wp-content\/uploads\/2021\/10\/IMG_0477-768x512.jpg 768w, https:\/\/camping-coeur-alsace.fr\/wp-content\/uploads\/2021\/10\/IMG_0477-1536x1024.jpg 1536w\" sizes=\"(max-width: 1920px) 100vw, 1920px\" \/><div class=\"wp-block-cover__inner-container\">\n<h2>Campingplatz mit Teich<br><span class=\"small\">von Angeln im Elsass<\/span><\/h2>\n\n\n\n<p>Sie m\u00f6gen Angeln und Naturerlebnisse? Wie w\u00e4re es, wenn Sie Ihren Urlaub auf einem Campingplatz mit Teich verbringen w\u00fcrden, damit Sie nach Herzenslust Wei\u00dffische und Raubfische angeln k\u00f6nnen? Coeur d&#8217;Alsace ist mit seinem von gr\u00fcnen Ufern ges\u00e4umten Fischteich ein Paradies f\u00fcr Naturliebhaber. Diese Ufer sind ideal f\u00fcr Spazierg\u00e4nge und beherbergen schattige Bereiche, die sich perfekt f\u00fcr einen Angelausflug mit der Familie eignen, aber auch sonnigere Bereiche f\u00fcr ein Picknick am Wasser.<\/p>\n\n\n\n<p class=\"has-blanc-color has-text-color\"><a href=\"https:\/\/camping-coeur-alsace.fr\/de\/angeln\/\" data-type=\"page\" data-id=\"338\">Mehr \u00fcber Angeln  <i class=\"fc-arrow-right\"><\/i><\/a><\/p>\n<\/div><\/div>\n\n\n\n<div class=\"wp-block-columns T-65-a has-fond-background-color has-background\" id=\"region\">\n<div class=\"wp-block-column\" style=\"flex-basis:56%\">\n<h2 class=\"has-tertiaire-color has-text-color\">Entdecken Sie das Elsass von<br><span class=\"small\">ein Campingplatz inmitten der Natur<\/span><\/h2>\n\n\n\n<p class=\"has-typo-color has-text-color\">Das Elsass ist eine charaktervolle Region, die ihren Besuchern viel zu bieten hat, sowohl in Bezug auf ihre Natursch\u00e4tze als auch auf ihre Bauten und ihre Kultur. W\u00e4hrend Ihres Aufenthalts auf dem Campingplatz Coeur d&#8217;Alsace werden Sie sich in die typischen D\u00f6rfer mit ihren Fachwerkh\u00e4usern, die gro\u00dfz\u00fcgige Gastronomie und die unber\u00fchrten Landschaften der Nordvogesen verlieben. Vom heiligen Berg Donon bis zum Stra\u00dfburger Petite France, vom Flug der St\u00f6rche bis zur Verkostung von Riesling und Gew\u00fcrztraminer &#8211; Ihr Aufenthalt wird reich an sch\u00f6nen und exotischen Erlebnissen sein.  <\/p>\n\n\n\n<div class=\"wp-block-columns bloc-pictos\">\n<div class=\"wp-block-column\"><i class=\"fc-mountains\"><\/i>\n\n\n\n<p class=\"has-typo-color has-text-color\">Nat\u00fcrlicher Rahmen<\/p>\n<\/div>\n\n\n\n<div class=\"wp-block-column\"><i class=\"fc-squirrel\"><\/i>\n\n\n\n<p class=\"has-typo-color has-text-color\">Ruhe &amp; Entspannung<\/p>\n<\/div>\n\n\n\n<div class=\"wp-block-column\"><i class=\"fc-fish\"><\/i>\n\n\n\n<p class=\"has-typo-color has-text-color\">Ort des Fischfangs<\/p>\n<\/div>\n<\/div>\n\n\n\n<blockquote class=\"wp-block-quote\"><p>Nur wenige Schritte von der deutschen Grenze entfernt und auf halbem Weg zwischen Stra\u00dfburg, Metz und Nancy gelegen, ist der Campingplatz Coeur d&#8217;Alsace auch ideal gelegen, um die gro\u00dfen St\u00e4dte Ostfrankreichs und ihre Sch\u00e4tze zu entdecken.<\/p><\/blockquote>\n\n\n\n<div class=\"wp-block-group encart has-fond-snd-background-color has-background\"><div class=\"wp-block-group__inner-container\">\n<div class=\"wp-block-group\"><div class=\"wp-block-group__inner-container\">\n<p class=\"has-text-align-left sous-titre has-secondaire-color has-text-color has-medium-font-size\"><i class=\"fc-water\"><\/i> Mit einem Schwimmbereich<\/p>\n\n\n\n<p>In der N\u00e4he des Campingplatzes k\u00f6nnen Sie einen unbewachten Badeplatz erreichen.<\/p>\n<\/div><\/div>\n<\/div><\/div>\n\n\n\n<p class=\"has-tertiaire-color has-text-color\"><a href=\"https:\/\/camping-coeur-alsace.fr\/de\/tourismus\/\" data-type=\"page\" data-id=\"340\"><strong>Die Umgebung entdecken<\/strong> <i class=\"fc-arrow-right\"><\/i> <\/a><\/p>\n<\/div>\n\n\n\n<div class=\"wp-block-column images\">\n<figure class=\"wp-block-image size-full\"><img loading=\"lazy\" width=\"900\" height=\"675\" src=\"https:\/\/camping-coeur-alsace.fr\/wp-content\/uploads\/2021\/10\/alentours-alsace-1.jpg\" alt=\"\" class=\"wp-image-473\" srcset=\"https:\/\/camping-coeur-alsace.fr\/wp-content\/uploads\/2021\/10\/alentours-alsace-1.jpg 900w, https:\/\/camping-coeur-alsace.fr\/wp-content\/uploads\/2021\/10\/alentours-alsace-1-300x225.jpg 300w, https:\/\/camping-coeur-alsace.fr\/wp-content\/uploads\/2021\/10\/alentours-alsace-1-768x576.jpg 768w\" sizes=\"(max-width: 900px) 100vw, 900px\" \/><\/figure>\n\n\n\n<div class=\"wp-block-columns\">\n<div class=\"wp-block-column\">\n<figure class=\"wp-block-image size-full\"><img loading=\"lazy\" width=\"900\" height=\"600\" src=\"https:\/\/camping-coeur-alsace.fr\/wp-content\/uploads\/2021\/10\/vallee_alsace.jpg\" alt=\"\" class=\"wp-image-476\" srcset=\"https:\/\/camping-coeur-alsace.fr\/wp-content\/uploads\/2021\/10\/vallee_alsace.jpg 900w, https:\/\/camping-coeur-alsace.fr\/wp-content\/uploads\/2021\/10\/vallee_alsace-300x200.jpg 300w, https:\/\/camping-coeur-alsace.fr\/wp-content\/uploads\/2021\/10\/vallee_alsace-768x512.jpg 768w\" sizes=\"(max-width: 900px) 100vw, 900px\" \/><\/figure>\n<\/div>\n\n\n\n<div class=\"wp-block-column\">\n<figure class=\"wp-block-image size-full\"><img loading=\"lazy\" width=\"900\" height=\"600\" src=\"https:\/\/camping-coeur-alsace.fr\/wp-content\/uploads\/2021\/10\/alentours-alsace-decouverte-1.jpg\" alt=\"\" class=\"wp-image-474\" srcset=\"https:\/\/camping-coeur-alsace.fr\/wp-content\/uploads\/2021\/10\/alentours-alsace-decouverte-1.jpg 900w, https:\/\/camping-coeur-alsace.fr\/wp-content\/uploads\/2021\/10\/alentours-alsace-decouverte-1-300x200.jpg 300w, https:\/\/camping-coeur-alsace.fr\/wp-content\/uploads\/2021\/10\/alentours-alsace-decouverte-1-768x512.jpg 768w\" sizes=\"(max-width: 900px) 100vw, 900px\" \/><\/figure>\n\n\n\n<p class=\"go_to_gal has-tertiaire-color has-text-color\"><strong><a href=\"https:\/\/camping-coeur-alsace.fr\/de\/fotogalerie\/\" data-type=\"page\" data-id=\"484\"><i class=\"fc-camera-retro\"><\/i>  Zur Fotogalerie<\/a><\/strong><\/p>\n<\/div>\n<\/div>\n<\/div>\n<\/div>\n","protected":false},"excerpt":{"rendered":"<p>Zur Fotogalerie Unterk\u00fcnfte und Stellpl\u00e4tze im Elsassf\u00fcr Ihren Urlaub im Gr\u00fcnen Sie lieben es, so naturnah wie m\u00f6glich zu wohnen, Ihr Wohnmobil in einer ruhigen und gr\u00fcnen Umgebung anzuhalten, Ihr Zelt auf einem charmanten Stellplatz aufzuschlagen und von Vogelgezwitscher geweckt zu werden? Das bietet Ihnen Coeur d&#8217;Alsace, ein traditioneller Campingplatz im Departement Bas-Rhin und ein [&hellip;]<\/p>\n","protected":false},"author":1,"featured_media":0,"parent":0,"menu_order":0,"comment_status":"closed","ping_status":"closed","template":"","meta":[],"_links":{"self":[{"href":"https:\/\/camping-coeur-alsace.fr\/de\/wp-json\/wp\/v2\/pages\/1286"}],"collection":[{"href":"https:\/\/camping-coeur-alsace.fr\/de\/wp-json\/wp\/v2\/pages"}],"about":[{"href":"https:\/\/camping-coeur-alsace.fr\/de\/wp-json\/wp\/v2\/types\/page"}],"author":[{"embeddable":true,"href":"https:\/\/camping-coeur-alsace.fr\/de\/wp-json\/wp\/v2\/users\/1"}],"replies":[{"embeddable":true,"href":"https:\/\/camping-coeur-alsace.fr\/de\/wp-json\/wp\/v2\/comments?post=1286"}],"version-history":[{"count":6,"href":"https:\/\/camping-coeur-alsace.fr\/de\/wp-json\/wp\/v2\/pages\/1286\/revisions"}],"predecessor-version":[{"id":3613,"href":"https:\/\/camping-coeur-alsace.fr\/de\/wp-json\/wp\/v2\/pages\/1286\/revisions\/3613"}],"wp:attachment":[{"href":"https:\/\/camping-coeur-alsace.fr\/de\/wp-json\/wp\/v2\/media?parent=1286"}],"curies":[{"name":"wp","href":"https:\/\/api.w.org\/{rel}","templated":true}]}}